{"id":155,"date":"2024-07-14T01:19:37","date_gmt":"2024-07-14T01:19:37","guid":{"rendered":"https:\/\/wp.framerpeak.com\/construz\/?page_id=155"},"modified":"2026-03-17T08:30:17","modified_gmt":"2026-03-17T08:30:17","slug":"about","status":"publish","type":"page","link":"https:\/\/aiz.hr\/2026\/about\/","title":{"rendered":"O nama"},"content":{"rendered":"\t\t<div data-elementor-type=\"wp-page\" data-elementor-id=\"155\" class=\"elementor elementor-155\">\n\t\t\t\t<div class=\"elementor-element elementor-element-08eb423 e-flex e-con-boxed e-con e-parent\" data-id=\"08eb423\" data-element_type=\"container\" data-e-type=\"container\">\n\t\t\t\t\t<div class=\"e-con-inner\">\n\t\t<div class=\"elementor-element elementor-element-4595bf6 e-con-full e-flex e-con e-child\" data-id=\"4595bf6\" data-element_type=\"container\" data-e-type=\"container\">\n\t\t\t\t<div class=\"elementor-element elementor-element-cd54270 animated-fast elementor-invisible elementor-widget elementor-widget-construzsectiontitle\" data-id=\"cd54270\" data-element_type=\"widget\" data-e-type=\"widget\" data-settings=\"{&quot;_animation&quot;:&quot;fadeInLeft&quot;}\" data-widget_type=\"construzsectiontitle.default\">\n\t\t\t\t<div class=\"elementor-widget-container\">\n\t\t\t\t\t\t\t\t<div class=\"title-area\">\r\n    <span class=\"sub-title\">\r\n                    <img decoding=\"async\" src=\"https:\/\/wp.framerpeak.com\/construz\/wp-content\/uploads\/2024\/07\/title-one.svg\" alt=\"img\">\r\n                O nama    <\/span>\r\n\r\n            <h2 class=\"sec-title\">\r\n            Konstantno nastojimo unaprijediti na Va\u0161e zadovoljstvo.        <\/h2>\r\n    \r\n            <p class=\"sec-text\">Visokom stru\u010dnosti na\u0161ih zaposlenika i dugogodi\u0161njih vanjskih suradnika i stru\u010dnjaka za pojedina predmemtna podru\u010dja. <\/p>\r\n    <\/div>\r\n\t\t\t\t\t\t<\/div>\n\t\t\t\t<\/div>\n\t\t\t\t<div class=\"elementor-element elementor-element-bf8b1c8 elementor-invisible elementor-widget elementor-widget-construz-list-groups\" data-id=\"bf8b1c8\" data-element_type=\"widget\" data-e-type=\"widget\" data-settings=\"{&quot;_animation&quot;:&quot;fadeInLeft&quot;}\" data-widget_type=\"construz-list-groups.default\">\n\t\t\t\t<div class=\"elementor-widget-container\">\n\t\t\t\t\t\t\t<div class=\"construz-list-group\">\n\t\t\t<ul class=\"construz-list-group-wrapper layout_1\">\n\t\t\t\t\t\t\t\t\t\t\t\t\t<li class=\"construz-list-group-item construz-icon-left\">\n\t\t\t\t\t\t\t\t\t\t\t\t\t<div class=\"construz-list-group-icon no\">\n\t\t\t\t\t\t\t\t\t\t\t\t\t\t\t\t\t<svg xmlns=\"http:\/\/www.w3.org\/2000\/svg\" width=\"17\" height=\"13\" viewBox=\"0 0 17 13\" fill=\"none\"><path d=\"M16 5.52881H11C10.4477 5.52881 10 5.97652 10 6.52881C10 7.08109 10.4477 7.52881 11 7.52881H16C16.5523 7.52881 17 7.08109 17 6.52881C17 5.97652 16.5523 5.52881 16 5.52881Z\" fill=\"#EA5501\"><\/path><path d=\"M6 11.5288C8.76142 11.5288 11 9.29023 11 6.52881C11 3.76738 8.76142 1.52881 6 1.52881C3.23858 1.52881 1 3.76738 1 6.52881C1 9.29023 3.23858 11.5288 6 11.5288Z\" stroke=\"#EA5501\" stroke-width=\"2\"><\/path><\/svg>\t\t\t\t\t\t\t\t\t\t\t\t\t\t\t\t\t\t\t\t\t\t\t\t\t\t\t\t\t\t\t<\/div>\n\t\t\t\t\t\t\t \n\t\t\t\t\t\t\t\t<span class=\"construz-list-group-text\">\n\t\t\t\t\t\t\t\t\tAtesti i za\u0161tita d.o.o. vi\u0161e od 10 godina poma\u017ee svojim poslovnim suradnicima, u rje\u0161avanju, razuijvanju i upravljanju poslovima za\u0161tite na radu, za\u0161tite od po\u017eara i za\u0161tite okoli\u0161a.\t\t\t\t\t\t\t\t<\/span>\n\t\t\t\t\t\t\t\t\t\t\t\t\t\t\t\t\t\t<\/li>\n\t\t\t\t\t\t\t\t\t\t\t\t\t<li class=\"construz-list-group-item construz-icon-left\">\n\t\t\t\t\t\t\t\t\t\t\t\t\t<div class=\"construz-list-group-icon no\">\n\t\t\t\t\t\t\t\t\t\t\t\t\t\t\t\t\t<svg xmlns=\"http:\/\/www.w3.org\/2000\/svg\" width=\"17\" height=\"13\" viewBox=\"0 0 17 13\" fill=\"none\"><path d=\"M16 5.52881H11C10.4477 5.52881 10 5.97652 10 6.52881C10 7.08109 10.4477 7.52881 11 7.52881H16C16.5523 7.52881 17 7.08109 17 6.52881C17 5.97652 16.5523 5.52881 16 5.52881Z\" fill=\"#EA5501\"><\/path><path d=\"M6 11.5288C8.76142 11.5288 11 9.29023 11 6.52881C11 3.76738 8.76142 1.52881 6 1.52881C3.23858 1.52881 1 3.76738 1 6.52881C1 9.29023 3.23858 11.5288 6 11.5288Z\" stroke=\"#EA5501\" stroke-width=\"2\"><\/path><\/svg>\t\t\t\t\t\t\t\t\t\t\t\t\t\t\t\t\t\t\t\t\t\t\t\t\t\t\t\t\t\t\t<\/div>\n\t\t\t\t\t\t\t \n\t\t\t\t\t\t\t\t<span class=\"construz-list-group-text\">\n\t\t\t\t\t\t\t\t\tNa taj na\u010din ve\u0107ina tvrtki i organizacija bilje\u017ei pove\u0107anu produktivnost i uspje\u0161nost, zadovoljstvo kupaca i zaposlenika te znatno smnjenje oprativnih tro\u0161kova.  Da bi plasirali na tra\u017ei\u0161te prozvod ili uslugu, koncept kvalitete mora obuhvvatiti sve o\u010dekivanja njenih korisnika.\t\t\t\t\t\t\t\t<\/span>\n\t\t\t\t\t\t\t\t\t\t\t\t\t\t\t\t\t\t<\/li>\n\t\t\t\t\t\t\t<\/ul>\n\t\t<\/div>\n\t\t\t\t\t\t<\/div>\n\t\t\t\t<\/div>\n\t\t\t\t<div class=\"elementor-element elementor-element-39d4fed elementor-widget__width-initial animated-slow elementor-invisible elementor-widget elementor-widget-construz_iconbox\" data-id=\"39d4fed\" data-element_type=\"widget\" data-e-type=\"widget\" data-settings=\"{&quot;_animation&quot;:&quot;fadeInLeft&quot;}\" data-widget_type=\"construz_iconbox.default\">\n\t\t\t\t<div class=\"elementor-widget-container\">\n\t\t\t\t\t            <div class=\"about-grid-wrap filter-enabled\">\r\n    <div class=\"icon\">\r\n        <img decoding=\"async\" src=\"https:\/\/wp.framerpeak.com\/construz\/wp-content\/uploads\/2024\/07\/about-icon.png\" alt=\"img\">\r\n    <\/div>\r\n\r\n    <div class=\"about-grid-details\">\r\n        \r\n\r\n                    <h4>\r\n                Misija            <\/h4>\r\n        \r\n                    <p>Da bi plasirali na tra\u017ei\u0161te prozvod ili uslugu, koncept kvalitete mora obuhvvatiti sve o\u010dekivanja njenih korisnika.<\/p>\r\n            <\/div>\r\n\r\n    \r\n<\/div>\t    \t\t\t\t<\/div>\n\t\t\t\t<\/div>\n\t\t\t\t<div class=\"elementor-element elementor-element-0a0038c elementor-widget__width-initial animated-slow elementor-invisible elementor-widget elementor-widget-construz_iconbox\" data-id=\"0a0038c\" data-element_type=\"widget\" data-e-type=\"widget\" data-settings=\"{&quot;_animation&quot;:&quot;fadeInLeft&quot;}\" data-widget_type=\"construz_iconbox.default\">\n\t\t\t\t<div class=\"elementor-widget-container\">\n\t\t\t\t\t            <div class=\"about-grid-wrap filter-enabled\">\r\n    <div class=\"icon\">\r\n        <img decoding=\"async\" src=\"https:\/\/wp.framerpeak.com\/construz\/wp-content\/uploads\/2024\/07\/about-icon-02.png\" alt=\"img\">\r\n    <\/div>\r\n\r\n    <div class=\"about-grid-details\">\r\n        \r\n\r\n                    <h4>\r\n                Vizija            <\/h4>\r\n        \r\n                    <p>Kako bi udovoljili potrebama i \u017eeljama klijenata u domeni ponu\u0111enih usluga., imamo na raspolaganju suvremena informati\u010dka rje\u0161enja, pouzdane ure\u0111aje i opremu, te stru\u010dan i visoko educiran tim djelatnika..<\/p>\r\n            <\/div>\r\n\r\n    \r\n<\/div>\t    \t\t\t\t<\/div>\n\t\t\t\t<\/div>\n\t\t\t\t<\/div>\n\t\t<div class=\"elementor-element elementor-element-fb37033 e-con-full e-flex e-con e-child\" data-id=\"fb37033\" data-element_type=\"container\" data-e-type=\"container\">\n\t\t\t\t<div class=\"elementor-element elementor-element-3b9cef8 elementor-invisible elementor-widget elementor-widget-construz_imagebox\" data-id=\"3b9cef8\" data-element_type=\"widget\" data-e-type=\"widget\" data-settings=\"{&quot;_animation&quot;:&quot;fadeInRight&quot;}\" data-widget_type=\"construz_imagebox.default\">\n\t\t\t\t<div class=\"elementor-widget-container\">\n\t\t\t\t\t            <div class=\"about-thumb2\"> \n    <div class=\"about-img-1\">\n        <img decoding=\"async\" src=\"https:\/\/aiz.hr\/2026\/wp-content\/uploads\/2026\/02\/ispitivanja.jpg\" alt=\"img\">\n    <\/div>\n    <div class=\"about-counter-wrap style2 jump-reverse\">\n        <div class=\"about-counter-wrap-bg\">\n            <img decoding=\"async\" src=\"https:\/\/wp.framerpeak.com\/construz\/wp-content\/uploads\/2024\/07\/image-box-01-bg.png\" alt=\"img\">\n        <\/div>\n        <div class=\"about-counter-icon\">\n            <img decoding=\"async\" src=\"https:\/\/wp.framerpeak.com\/construz\/wp-content\/uploads\/2024\/07\/experience-icon-01.png\" alt=\"img\">\n        <\/div>\n        <h3 class=\"about-counter-number\">\n            <span class=\"counter-number\">\n                18            <\/span>\n            +        <\/h3>\n        <p class=\"about-counter-text\">\n            uspje\u0161nih godina poslovanja        <\/p>\n    <\/div>\n<\/div>\n\n\t    \t\t\t\t<\/div>\n\t\t\t\t<\/div>\n\t\t\t\t<\/div>\n\t\t\t\t\t<\/div>\n\t\t\t\t<\/div>\n\t\t<div class=\"elementor-element elementor-element-a122b87 e-con-full e-flex e-con e-parent\" data-id=\"a122b87\" data-element_type=\"container\" data-e-type=\"container\">\n\t\t\t\t<div class=\"elementor-element elementor-element-1a28a7f elementor-widget elementor-widget-horizontal_shape\" data-id=\"1a28a7f\" data-element_type=\"widget\" data-e-type=\"widget\" data-widget_type=\"horizontal_shape.default\">\n\t\t\t\t<div class=\"elementor-widget-container\">\n\t\t\t\t\t\n\t\t\t<!-- Image One -->\n\t\t\t\n\t\t\t<!-- Image Two -->\n\t\t\t\t\t\t\t<div class=\"section-animation-shape1-1 animation-infinite\" \n\t\t\t\t\tstyle=\"background-image: url('https:\/\/wp.framerpeak.com\/construz\/wp-content\/uploads\/2024\/08\/global-line-shape1.png');\">\n\t\t\t\t<\/div>\n\t\t\t\n\t\t\t<!-- style one -->\n            \n\t\t\t<!-- style two -->\n            \n\t\t\t<!-- style three -->\n            \n        \t\t\t\t<\/div>\n\t\t\t\t<\/div>\n\t\t\t\t<\/div>\n\t\t\t\t<\/div>\n\t\t\n    <div class=\"xs_social_share_widget xs_share_url after_content \t\tmain_content  wslu-style-1 wslu-share-box-shaped wslu-fill-colored wslu-none wslu-share-horizontal wslu-theme-font-no wslu-main_content\">\n\n\t\t\n        <ul>\n\t\t\t        <\/ul>\n    <\/div> \n","protected":false},"excerpt":{"rendered":"<p>O nama Konstantno nastojimo unaprijediti na Va\u0161e zadovoljstvo. Visokom stru\u010dnosti na\u0161ih zaposlenika i dugogodi\u0161njih vanjskih suradnika i stru\u010dnjaka za pojedina predmemtna podru\u010dja. Atesti i za\u0161tita d.o.o. vi\u0161e od 10 godina poma\u017ee svojim poslovnim suradnicima, u rje\u0161avanju, razuijvanju i upravljanju poslovima za\u0161tite na radu, za\u0161tite od po\u017eara i za\u0161tite okoli\u0161a. Na taj na\u010din ve\u0107ina tvrtki i&#8230;<\/p>\n","protected":false},"author":1,"featured_media":0,"parent":0,"menu_order":0,"comment_status":"closed","ping_status":"closed","template":"elementor_header_footer","meta":{"postBodyCss":"","postBodyMargin":[],"postBodyPadding":[],"postBodyBackground":{"backgroundType":"classic","gradient":""},"footnotes":""},"class_list":["post-155","page","type-page","status-publish","hentry"],"_links":{"self":[{"href":"https:\/\/aiz.hr\/2026\/wp-json\/wp\/v2\/pages\/155","targetHints":{"allow":["GET"]}}],"collection":[{"href":"https:\/\/aiz.hr\/2026\/wp-json\/wp\/v2\/pages"}],"about":[{"href":"https:\/\/aiz.hr\/2026\/wp-json\/wp\/v2\/types\/page"}],"author":[{"embeddable":true,"href":"https:\/\/aiz.hr\/2026\/wp-json\/wp\/v2\/users\/1"}],"replies":[{"embeddable":true,"href":"https:\/\/aiz.hr\/2026\/wp-json\/wp\/v2\/comments?post=155"}],"version-history":[{"count":14,"href":"https:\/\/aiz.hr\/2026\/wp-json\/wp\/v2\/pages\/155\/revisions"}],"predecessor-version":[{"id":4625,"href":"https:\/\/aiz.hr\/2026\/wp-json\/wp\/v2\/pages\/155\/revisions\/4625"}],"wp:attachment":[{"href":"https:\/\/aiz.hr\/2026\/wp-json\/wp\/v2\/media?parent=155"}],"curies":[{"name":"wp","href":"https:\/\/api.w.org\/{rel}","templated":true}]}}