{"id":3989,"date":"2026-02-25T08:55:07","date_gmt":"2026-02-25T08:55:07","guid":{"rendered":"https:\/\/aiz.hr\/2026\/?page_id=3989"},"modified":"2026-03-18T11:39:31","modified_gmt":"2026-03-18T11:39:31","slug":"minimalni-tehnicki-uvjeti","status":"publish","type":"page","link":"https:\/\/aiz.hr\/2026\/minimalni-tehnicki-uvjeti\/","title":{"rendered":"Minimalni Tehni\u010dki Uvjeti"},"content":{"rendered":"\t\t<div data-elementor-type=\"wp-page\" data-elementor-id=\"3989\" class=\"elementor elementor-3989\">\n\t\t\t\t<div class=\"elementor-element elementor-element-349327b e-flex e-con-boxed e-con e-parent\" data-id=\"349327b\" data-element_type=\"container\" data-e-type=\"container\">\n\t\t\t\t\t<div class=\"e-con-inner\">\n\t\t<div class=\"elementor-element elementor-element-e2b0979 e-con-full e-flex e-con e-child\" data-id=\"e2b0979\" data-element_type=\"container\" data-e-type=\"container\">\n\t\t\t\t<div class=\"elementor-element elementor-element-89fcb82 elementor-widget elementor-widget-text-editor\" data-id=\"89fcb82\" data-element_type=\"widget\" data-e-type=\"widget\" data-widget_type=\"text-editor.default\">\n\t\t\t\t\t\t\t\t\t<p>Ispitivanja i usluge za kojima imate potrebu kod pribavljanja rje\u0161enja o zadovoljavanju minimalnih tehni\u010dkih uvjeta za po\u010detak obavljanja gospodarske djelatnosti, bilo da je rije\u010d o ugostiteljskim objektima, turisti\u010dkim agencijama, trgovinama (i uslugama u trgovini), sobama, apartmanima ili dr.<\/p>\t\t\t\t\t\t\t\t<\/div>\n\t\t\t\t<\/div>\n\t\t\t\t\t<\/div>\n\t\t\t\t<\/div>\n\t\t<div class=\"elementor-element elementor-element-9ceabc1 e-flex e-con-boxed e-con e-parent\" data-id=\"9ceabc1\" data-element_type=\"container\" data-e-type=\"container\">\n\t\t\t\t\t<div class=\"e-con-inner\">\n\t\t<div class=\"elementor-element elementor-element-754c30d e-con-full e-flex elementor-invisible e-con e-child\" data-id=\"754c30d\" data-element_type=\"container\" data-e-type=\"container\" data-settings=\"{&quot;animation&quot;:&quot;fadeInLeft&quot;}\">\n\t\t\t\t<div class=\"elementor-element elementor-element-9c8b9e6 elementor-widget elementor-widget-heading\" data-id=\"9c8b9e6\" data-element_type=\"widget\" data-e-type=\"widget\" data-widget_type=\"heading.default\">\n\t\t\t\t\t<h2 class=\"elementor-heading-title elementor-size-default\">Minimalni Tehni\u010dki Uvjeti\n<\/h2>\t\t\t\t<\/div>\n\t\t\t\t<div class=\"elementor-element elementor-element-e545f1c elementor-widget elementor-widget-image\" data-id=\"e545f1c\" data-element_type=\"widget\" data-e-type=\"widget\" data-widget_type=\"image.default\">\n\t\t\t\t\t\t\t\t\t\t\t\t\t\t\t<img fetchpriority=\"high\" decoding=\"async\" width=\"751\" height=\"420\" src=\"https:\/\/aiz.hr\/2026\/wp-content\/uploads\/2026\/03\/mtu-1024x573.jpg\" class=\"attachment-large size-large wp-image-4653\" alt=\"\" srcset=\"https:\/\/aiz.hr\/2026\/wp-content\/uploads\/2026\/03\/mtu-1024x573.jpg 1024w, https:\/\/aiz.hr\/2026\/wp-content\/uploads\/2026\/03\/mtu-300x168.jpg 300w, https:\/\/aiz.hr\/2026\/wp-content\/uploads\/2026\/03\/mtu-768x430.jpg 768w, https:\/\/aiz.hr\/2026\/wp-content\/uploads\/2026\/03\/mtu-1536x860.jpg 1536w, https:\/\/aiz.hr\/2026\/wp-content\/uploads\/2026\/03\/mtu.jpg 1600w\" sizes=\"(max-width: 751px) 100vw, 751px\" \/>\t\t\t\t\t\t\t\t\t\t\t\t\t\t\t<\/div>\n\t\t\t\t<\/div>\n\t\t<div class=\"elementor-element elementor-element-7bc6d20 e-con-full e-flex elementor-invisible e-con e-child\" data-id=\"7bc6d20\" data-element_type=\"container\" data-e-type=\"container\" data-settings=\"{&quot;animation&quot;:&quot;fadeInRight&quot;}\">\n\t\t\t\t<div class=\"elementor-element elementor-element-d4c5e29 elementor-widget elementor-widget-construz_iconbox\" data-id=\"d4c5e29\" data-element_type=\"widget\" data-e-type=\"widget\" data-widget_type=\"construz_iconbox.default\">\n\t\t\t\t<div class=\"elementor-widget-container\">\n\t\t\t\t\t            <div class=\"process-grid\">\r\n    <div class=\"process-grid-number\">\r\n        01    <\/div>\r\n    <div class=\"process-grid-details\">\r\n                    <h3 class=\"process-grid-title\">\r\n                Minimalni uvjeti za ugostiteljske objekte:            <\/h3>\r\n                \r\n                    <p class=\"process-grid-text\">\u2013 ispitivanje elektri\u010dnih instalacija\n\u2013 ispitivanje u\u010dinkovitosti ventilacije\n\u2013 ispitivanje buke\n\u2013 ispitivanje one\u010di\u0161\u0107enja zraka od \u0161tetnih emisija (za objekte u kojima se pripremaju i uslu\u017euju jela)\n\u2013 mikrobiolo\u0161ka analiza vode (za objekt koji se prvi put otvara ili nije poslovao du\u017ee od 6 mjeseci)\n\u2013 ispitivanje nepropusnosti vodovodne i kanalizacijske instalacije (za objekt koji se prvi put otvara)\n\u2013 ispitivanje nepropusnosti sabirne jame (za objekte koji su smje\u0161teni na podru\u010djima koja nisu priklju\u010dena na javnu kanalizacijsku mre\u017eu)\n\u2013 ispitivanje ispravnosti i nepropusnosti plinske instalacije (ukoliko postoji)\n\u2013 ispitivanje ispravnosti plinskog tro\u0161ila (ukoliko postoji), izrada plana evakuacije i spa\u0161avanja <\/p>\r\n        \r\n    <\/div>\r\n<\/div>\t    \t\t\t\t<\/div>\n\t\t\t\t<\/div>\n\t\t\t\t<div class=\"elementor-element elementor-element-e41789f elementor-widget elementor-widget-construz_iconbox\" data-id=\"e41789f\" data-element_type=\"widget\" data-e-type=\"widget\" data-widget_type=\"construz_iconbox.default\">\n\t\t\t\t<div class=\"elementor-widget-container\">\n\t\t\t\t\t            <div class=\"process-grid\">\r\n    <div class=\"process-grid-number\">\r\n        02    <\/div>\r\n    <div class=\"process-grid-details\">\r\n                    <h3 class=\"process-grid-title\">\r\n                Minimalni uvjeti za sobe, apartmane, ku\u0107e za odmor:            <\/h3>\r\n                \r\n                    <p class=\"process-grid-text\">\u2013 ispitivanje elektri\u010dnih instalacija\n\u2013 ispitivanje ispravnosti i nepropusnosti plinske instalacije (ukoliko postoji)\n\u2013 ispitivanje ispravnosti plinskog tro\u0161ila (ukoliko postoji)\n\u2013 izrada plana evakuacije i spa\u0161avanja\n\u2013 mikrobiolo\u0161ka analiza vode (o potrebi)\n\u2013 ispitivanje nepropusnosti sabirne jame (ukoliko postoji)<\/p>\r\n        \r\n    <\/div>\r\n<\/div>\t    \t\t\t\t<\/div>\n\t\t\t\t<\/div>\n\t\t\t\t<div class=\"elementor-element elementor-element-280bdd0 elementor-widget elementor-widget-construz_iconbox\" data-id=\"280bdd0\" data-element_type=\"widget\" data-e-type=\"widget\" data-widget_type=\"construz_iconbox.default\">\n\t\t\t\t<div class=\"elementor-widget-container\">\n\t\t\t\t\t            <div class=\"process-grid\">\r\n    <div class=\"process-grid-number\">\r\n        03    <\/div>\r\n    <div class=\"process-grid-details\">\r\n                    <h3 class=\"process-grid-title\">\r\n                Minimalni uvjeti za turisti\u010dke agencije:            <\/h3>\r\n                \r\n                    <p class=\"process-grid-text\">\u2013 ispitivanje elektri\u010dnih instalacija\n\u2013 ispitivanje ispravnosti i nepropusnosti plinske instalacije (ukoliko postoji)\n\u2013 ispitivanje ispravnosti plinskog tro\u0161ila (ukoliko postoji)\n\u2013 izrada plana evakuacije i spa\u0161avanja <\/p>\r\n        \r\n    <\/div>\r\n<\/div>\t    \t\t\t\t<\/div>\n\t\t\t\t<\/div>\n\t\t\t\t<div class=\"elementor-element elementor-element-3397b39 elementor-widget elementor-widget-construz_iconbox\" data-id=\"3397b39\" data-element_type=\"widget\" data-e-type=\"widget\" data-widget_type=\"construz_iconbox.default\">\n\t\t\t\t<div class=\"elementor-widget-container\">\n\t\t\t\t\t            <div class=\"process-grid\">\r\n    <div class=\"process-grid-number\">\r\n        04    <\/div>\r\n    <div class=\"process-grid-details\">\r\n                    <h3 class=\"process-grid-title\">\r\n                Minimalni uvjeti za obavljanje djelatnosti trgovine i usluga u trgovini:            <\/h3>\r\n                \r\n                    <p class=\"process-grid-text\">\u2013 ispitivanje elektri\u010dnih instalacija\n\u2013 ispitivanje ispravnosti i nepropusnosti plinske instalacije (ukoliko postoji)\n\u2013 ispitivanje ispravnosti plinskog tro\u0161ila (ukoliko postoji)\n\u2013 zrada plana evakuacije i spa\u0161avanja\n\u2013 0stalo ovisno o vrsti djelatnosti, izgra\u0111enosti i opremljenosti prostora<\/p>\r\n        \r\n    <\/div>\r\n<\/div>\t    \t\t\t\t<\/div>\n\t\t\t\t<\/div>\n\t\t\t\t<\/div>\n\t\t\t\t<div class=\"elementor-element elementor-element-f7201e4 e-transform elementor-hidden-tablet elementor-hidden-mobile elementor-widget elementor-widget-heading\" data-id=\"f7201e4\" data-element_type=\"widget\" data-e-type=\"widget\" data-settings=\"{&quot;_transform_rotateZ_effect&quot;:{&quot;unit&quot;:&quot;px&quot;,&quot;size&quot;:-90,&quot;sizes&quot;:[]},&quot;_transform_rotateZ_effect_tablet&quot;:{&quot;unit&quot;:&quot;deg&quot;,&quot;size&quot;:&quot;&quot;,&quot;sizes&quot;:[]},&quot;_transform_rotateZ_effect_mobile&quot;:{&quot;unit&quot;:&quot;deg&quot;,&quot;size&quot;:&quot;&quot;,&quot;sizes&quot;:[]}}\" data-widget_type=\"heading.default\">\n\t\t\t\t\t<h2 class=\"elementor-heading-title elementor-size-default\">BENEFIT<\/h2>\t\t\t\t<\/div>\n\t\t\t\t\t<\/div>\n\t\t\t\t<\/div>\n\t\t<div class=\"elementor-element elementor-element-22244fd e-con-full elementor-hidden-mobile e-flex e-con e-parent\" data-id=\"22244fd\" data-element_type=\"container\" data-e-type=\"container\">\n\t\t<div class=\"elementor-element elementor-element-d473b10 e-con-full e-flex e-con e-child\" data-id=\"d473b10\" data-element_type=\"container\" data-e-type=\"container\">\n\t\t<div class=\"elementor-element elementor-element-25f85da e-con-full e-flex e-con e-child\" data-id=\"25f85da\" data-element_type=\"container\" data-e-type=\"container\" data-settings=\"{&quot;background_background&quot;:&quot;classic&quot;}\">\n\t\t\t\t<div class=\"elementor-element elementor-element-7c69631 elementor-widget__width-inherit elementor-widget elementor-widget-horizontal_shape\" data-id=\"7c69631\" data-element_type=\"widget\" data-e-type=\"widget\" data-widget_type=\"horizontal_shape.default\">\n\t\t\t\t<div class=\"elementor-widget-container\">\n\t\t\t\t\t\n\t\t\t<!-- Image One -->\n\t\t\t\n\t\t\t<!-- Image Two -->\n\t\t\t\t\t\t\t<div class=\"section-animation-shape1-1 animation-infinite\" \n\t\t\t\t\tstyle=\"background-image: url('https:\/\/wp.framerpeak.com\/construz\/wp-content\/uploads\/2024\/08\/global-line-shape1.png');\">\n\t\t\t\t<\/div>\n\t\t\t\n\t\t\t<!-- style one -->\n            \n\t\t\t<!-- style two -->\n            \n\t\t\t<!-- style three -->\n            \n        \t\t\t\t<\/div>\n\t\t\t\t<\/div>\n\t\t\t\t<\/div>\n\t\t\t\t<\/div>\n\t\t\t\t<\/div>\n\t\t\t\t<\/div>\n\t\t\n    <div class=\"xs_social_share_widget xs_share_url after_content \t\tmain_content  wslu-style-1 wslu-share-box-shaped wslu-fill-colored wslu-none wslu-share-horizontal wslu-theme-font-no wslu-main_content\">\n\n\t\t\n        <ul>\n\t\t\t        <\/ul>\n    <\/div> \n","protected":false},"excerpt":{"rendered":"<p>Ispitivanja i usluge za kojima imate potrebu kod pribavljanja rje\u0161enja o zadovoljavanju minimalnih tehni\u010dkih uvjeta za po\u010detak obavljanja gospodarske djelatnosti, bilo da je rije\u010d o ugostiteljskim objektima, turisti\u010dkim agencijama, trgovinama (i uslugama u trgovini), sobama, apartmanima ili dr. Minimalni Tehni\u010dki Uvjeti 01 Minimalni uvjeti za ugostiteljske objekte: \u2013 ispitivanje elektri\u010dnih instalacija \u2013 ispitivanje u\u010dinkovitosti ventilacije&#8230;<\/p>\n","protected":false},"author":1,"featured_media":3992,"parent":0,"menu_order":0,"comment_status":"closed","ping_status":"closed","template":"elementor_header_footer","meta":{"postBodyCss":"","postBodyMargin":[],"postBodyPadding":[],"postBodyBackground":{"backgroundType":"classic","gradient":""},"footnotes":""},"class_list":["post-3989","page","type-page","status-publish","has-post-thumbnail","hentry"],"_links":{"self":[{"href":"https:\/\/aiz.hr\/2026\/wp-json\/wp\/v2\/pages\/3989","targetHints":{"allow":["GET"]}}],"collection":[{"href":"https:\/\/aiz.hr\/2026\/wp-json\/wp\/v2\/pages"}],"about":[{"href":"https:\/\/aiz.hr\/2026\/wp-json\/wp\/v2\/types\/page"}],"author":[{"embeddable":true,"href":"https:\/\/aiz.hr\/2026\/wp-json\/wp\/v2\/users\/1"}],"replies":[{"embeddable":true,"href":"https:\/\/aiz.hr\/2026\/wp-json\/wp\/v2\/comments?post=3989"}],"version-history":[{"count":25,"href":"https:\/\/aiz.hr\/2026\/wp-json\/wp\/v2\/pages\/3989\/revisions"}],"predecessor-version":[{"id":4662,"href":"https:\/\/aiz.hr\/2026\/wp-json\/wp\/v2\/pages\/3989\/revisions\/4662"}],"wp:featuredmedia":[{"embeddable":true,"href":"https:\/\/aiz.hr\/2026\/wp-json\/wp\/v2\/media\/3992"}],"wp:attachment":[{"href":"https:\/\/aiz.hr\/2026\/wp-json\/wp\/v2\/media?parent=3989"}],"curies":[{"name":"wp","href":"https:\/\/api.w.org\/{rel}","templated":true}]}}