{"id":3996,"date":"2026-02-25T09:24:32","date_gmt":"2026-02-25T09:24:32","guid":{"rendered":"https:\/\/aiz.hr\/2026\/?page_id=3996"},"modified":"2026-03-18T11:41:33","modified_gmt":"2026-03-18T11:41:33","slug":"tehnicka-ispitivanja","status":"publish","type":"page","link":"https:\/\/aiz.hr\/2026\/tehnicka-ispitivanja\/","title":{"rendered":"Tehni\u010dka ispitivanja"},"content":{"rendered":"\t\t<div data-elementor-type=\"wp-page\" data-elementor-id=\"3996\" class=\"elementor elementor-3996\">\n\t\t\t\t<div class=\"elementor-element elementor-element-349327b e-flex e-con-boxed e-con e-parent\" data-id=\"349327b\" data-element_type=\"container\" data-e-type=\"container\">\n\t\t\t\t\t<div class=\"e-con-inner\">\n\t\t<div class=\"elementor-element elementor-element-e2b0979 e-con-full e-flex elementor-invisible e-con e-child\" data-id=\"e2b0979\" data-element_type=\"container\" data-e-type=\"container\" data-settings=\"{&quot;animation&quot;:&quot;fadeInUp&quot;}\">\n\t\t\t\t<div class=\"elementor-element elementor-element-89fcb82 elementor-widget elementor-widget-text-editor\" data-id=\"89fcb82\" data-element_type=\"widget\" data-e-type=\"widget\" data-widget_type=\"text-editor.default\">\n\t\t\t\t\t\t\t\t\t<p>Tehni\u010dka ispitivanja obuhva\u0107aju pregledavanje i ispitivanje vitalnih instalacija gra\u0111evina nakon njihove ugradnje i pu\u0161tanja u uporabu, kao i tijekom eksploatacijskog vremena gra\u0111evine. Svrha svih ispitivanja je dokazivanje ugra\u0111enih svojstava instalacije sa ciljem zadr\u017eavanja njene sigurnosti i dugovje\u010dnosti.<\/p><p>Za Vas pratimo rokove pregledavanja i ispitivanja, preporu\u010damo vanredne radnje, ako stanje instalacije to nala\u017ee i izdajemo detalje izvje\u0161taje sa ispitnim listama sa preporukama za pobolj\u0161anje. U slu\u010daju nedostataka na instalaciji izdajemo detaljne upute kako ukloniti navedene nedostatke i dovesti instalaciju u zadovoljavaju\u0107e stanje.<\/p>\t\t\t\t\t\t\t\t<\/div>\n\t\t\t\t<\/div>\n\t\t\t\t\t<\/div>\n\t\t\t\t<\/div>\n\t\t<div class=\"elementor-element elementor-element-9ceabc1 e-flex e-con-boxed e-con e-parent\" data-id=\"9ceabc1\" data-element_type=\"container\" data-e-type=\"container\">\n\t\t\t\t\t<div class=\"e-con-inner\">\n\t\t<div class=\"elementor-element elementor-element-754c30d e-con-full e-flex elementor-invisible e-con e-child\" data-id=\"754c30d\" data-element_type=\"container\" data-e-type=\"container\" data-settings=\"{&quot;animation&quot;:&quot;fadeInLeft&quot;}\">\n\t\t\t\t<div class=\"elementor-element elementor-element-9c8b9e6 elementor-widget elementor-widget-heading\" data-id=\"9c8b9e6\" data-element_type=\"widget\" data-e-type=\"widget\" data-widget_type=\"heading.default\">\n\t\t\t\t\t<h2 class=\"elementor-heading-title elementor-size-default\">Tehni\u010dka ispitivanja<\/h2>\t\t\t\t<\/div>\n\t\t\t\t<div class=\"elementor-element elementor-element-e545f1c elementor-widget elementor-widget-image\" data-id=\"e545f1c\" data-element_type=\"widget\" data-e-type=\"widget\" data-widget_type=\"image.default\">\n\t\t\t\t\t\t\t\t\t\t\t\t\t\t\t<img fetchpriority=\"high\" decoding=\"async\" width=\"751\" height=\"420\" src=\"https:\/\/aiz.hr\/2026\/wp-content\/uploads\/2026\/03\/Tehnicki-pregledi-zgrada-poslovnih-objekata-i-privatnih-kuca-kod-ishodenja-uporabne-dozvole-1024x573.jpg\" class=\"attachment-large size-large wp-image-4666\" alt=\"\" srcset=\"https:\/\/aiz.hr\/2026\/wp-content\/uploads\/2026\/03\/Tehnicki-pregledi-zgrada-poslovnih-objekata-i-privatnih-kuca-kod-ishodenja-uporabne-dozvole-1024x573.jpg 1024w, https:\/\/aiz.hr\/2026\/wp-content\/uploads\/2026\/03\/Tehnicki-pregledi-zgrada-poslovnih-objekata-i-privatnih-kuca-kod-ishodenja-uporabne-dozvole-300x168.jpg 300w, https:\/\/aiz.hr\/2026\/wp-content\/uploads\/2026\/03\/Tehnicki-pregledi-zgrada-poslovnih-objekata-i-privatnih-kuca-kod-ishodenja-uporabne-dozvole-768x430.jpg 768w, https:\/\/aiz.hr\/2026\/wp-content\/uploads\/2026\/03\/Tehnicki-pregledi-zgrada-poslovnih-objekata-i-privatnih-kuca-kod-ishodenja-uporabne-dozvole-1536x860.jpg 1536w, https:\/\/aiz.hr\/2026\/wp-content\/uploads\/2026\/03\/Tehnicki-pregledi-zgrada-poslovnih-objekata-i-privatnih-kuca-kod-ishodenja-uporabne-dozvole.jpg 1600w\" sizes=\"(max-width: 751px) 100vw, 751px\" \/>\t\t\t\t\t\t\t\t\t\t\t\t\t\t\t<\/div>\n\t\t\t\t<div class=\"elementor-element elementor-element-90950ec elementor-widget elementor-widget-text-editor\" data-id=\"90950ec\" data-element_type=\"widget\" data-e-type=\"widget\" data-widget_type=\"text-editor.default\">\n\t\t\t\t\t\t\t\t\t<ul><li>Tehni\u010dki pregledi zgrada, poslovnih objekata i privatnih ku\u0107a kod isho\u0111enja uporabne<br \/>dozvole<\/li><li>Elektrotehni\u010dka ispitivanja<\/li><li>Strojarska ispitivanja<\/li><li>Ispitivanje zrakonepropusnosti (blower door test)<\/li><li>Akusti\u010dna mjerenja (buka i zvu\u010dna izolacija)<\/li><li>Atesti ventilacije za pu\u0161enje u ugostiteljskim objektima<\/li><li>Ispitivanje funkcionalnosti instalacija za dojavu i ga\u0161enje po\u017eara<\/li><li>Ispitivanje plinskih instalacija, plinskih tro\u0161ila i plinskih stanica<\/li><li>Pregledi i ispitivanja na plovilima i brodicama<\/li><\/ul>\t\t\t\t\t\t\t\t<\/div>\n\t\t\t\t<\/div>\n\t\t<div class=\"elementor-element elementor-element-7bc6d20 e-con-full e-flex elementor-invisible e-con e-child\" data-id=\"7bc6d20\" data-element_type=\"container\" data-e-type=\"container\" data-settings=\"{&quot;animation&quot;:&quot;fadeInRight&quot;}\">\n\t\t\t\t<div class=\"elementor-element elementor-element-d4c5e29 elementor-widget elementor-widget-construz_iconbox\" data-id=\"d4c5e29\" data-element_type=\"widget\" data-e-type=\"widget\" data-widget_type=\"construz_iconbox.default\">\n\t\t\t\t<div class=\"elementor-widget-container\">\n\t\t\t\t\t            <div class=\"process-grid\">\r\n    <div class=\"process-grid-number\">\r\n        01    <\/div>\r\n    <div class=\"process-grid-details\">\r\n                    <h3 class=\"process-grid-title\">\r\n                Tehni\u010dki pregledi zgrada, poslovnih objekata i privatnih ku\u0107a kod isho\u0111enja uporabne dozvole            <\/h3>\r\n                \r\n                    <p class=\"process-grid-text\">Ispitivanje zrakonepropusnosti (blower door test), \nIzrada energetskih certifikata<\/p>\r\n        \r\n    <\/div>\r\n<\/div>\t    \t\t\t\t<\/div>\n\t\t\t\t<\/div>\n\t\t\t\t<div class=\"elementor-element elementor-element-280bdd0 elementor-widget elementor-widget-construz_iconbox\" data-id=\"280bdd0\" data-element_type=\"widget\" data-e-type=\"widget\" data-widget_type=\"construz_iconbox.default\">\n\t\t\t\t<div class=\"elementor-widget-container\">\n\t\t\t\t\t            <div class=\"process-grid\">\r\n    <div class=\"process-grid-number\">\r\n        02    <\/div>\r\n    <div class=\"process-grid-details\">\r\n                    <h3 class=\"process-grid-title\">\r\n                Elektrotehni\u010dka ispitivanja            <\/h3>\r\n                \r\n                    <p class=\"process-grid-text\">Ispitivanje elektri\u010dne instalacije, \nIspitivanje gromobranske instalacije i sustava za za\u0161titu \u0161tetnog djelovanja munje, \nMjerenje otpora rasprostiranja uzemljiva\u010da, specifi\u010dnog otpora tla, \nIspitivanje protupani\u010dne rasvjete, \nIspitivanje funkcionalnosti tipkala za daljinsko isklju\u010divanje napajanja, \nAtesti za potrebe HEP priklju\u010dka, \nIspitivanja nivoa osvijetljenosti, \nIspitivanje sustava za dojavu po\u017eara (vatrodojavne centrale i javlja\u010di)<\/p>\r\n        \r\n    <\/div>\r\n<\/div>\t    \t\t\t\t<\/div>\n\t\t\t\t<\/div>\n\t\t\t\t<div class=\"elementor-element elementor-element-3397b39 elementor-widget elementor-widget-construz_iconbox\" data-id=\"3397b39\" data-element_type=\"widget\" data-e-type=\"widget\" data-widget_type=\"construz_iconbox.default\">\n\t\t\t\t<div class=\"elementor-widget-container\">\n\t\t\t\t\t            <div class=\"process-grid\">\r\n    <div class=\"process-grid-number\">\r\n        03    <\/div>\r\n    <div class=\"process-grid-details\">\r\n                    <h3 class=\"process-grid-title\">\r\n                Strojarska ispitivanja            <\/h3>\r\n                \r\n                    <p class=\"process-grid-text\">Ispitivanje radne opreme, strojeva i ure\u0111aja, \nIspitivanje efikasnosti ventilacije, \nAtesti ventilacije za pu\u0161enje u ugostiteljskim objektima, \nIspitivanje funkcionalnosti instalacija za ga\u0161enje po\u017eara:\n-hidrantske instalacije\n-instalacije za ga\u0161enje raspr\u0161enom vodom (\u201csprinkler\u201d i \u201cdrencher\u201d sustavi)\n-instalacije za ga\u0161enje sa inertnim plinovima CO 2 i FM 200\nIspitivanje protupo\u017earnih zaklopki i efikasnosti ure\u0111aja za odimljavanje, \nIspitivanje plinskih instalacija, plinskih tro\u0161ila i funkcionalnosti sustava za dojavu\nprisutnosti zapaljivih plinova i para<\/p>\r\n        \r\n    <\/div>\r\n<\/div>\t    \t\t\t\t<\/div>\n\t\t\t\t<\/div>\n\t\t\t\t<div class=\"elementor-element elementor-element-ab35295 elementor-widget elementor-widget-construz_iconbox\" data-id=\"ab35295\" data-element_type=\"widget\" data-e-type=\"widget\" data-widget_type=\"construz_iconbox.default\">\n\t\t\t\t<div class=\"elementor-widget-container\">\n\t\t\t\t\t            <div class=\"process-grid\">\r\n    <div class=\"process-grid-number\">\r\n        04    <\/div>\r\n    <div class=\"process-grid-details\">\r\n                    <h3 class=\"process-grid-title\">\r\n                Akusti\u010dna mjerenja            <\/h3>\r\n                \r\n                    <p class=\"process-grid-text\">Ispitivanje komunalne buke za gra\u0111evine, \nIspitivanje zvu\u010dne izolacije pregrada i me\u0111ukatne konstrukcije<\/p>\r\n        \r\n    <\/div>\r\n<\/div>\t    \t\t\t\t<\/div>\n\t\t\t\t<\/div>\n\t\t\t\t<div class=\"elementor-element elementor-element-43133f9 elementor-widget elementor-widget-construz_iconbox\" data-id=\"43133f9\" data-element_type=\"widget\" data-e-type=\"widget\" data-widget_type=\"construz_iconbox.default\">\n\t\t\t\t<div class=\"elementor-widget-container\">\n\t\t\t\t\t            <div class=\"process-grid\">\r\n    <div class=\"process-grid-number\">\r\n        05    <\/div>\r\n    <div class=\"process-grid-details\">\r\n                    <h3 class=\"process-grid-title\">\r\n                Pregledi i ispitivanja na plovilima i brodicama            <\/h3>\r\n                \r\n                    <p class=\"process-grid-text\">Mjerenje otpora izolacije (MEGAOHM TEST)\nUgradnja, ispitivanje i odr\u017eavanje sustava detekcije plinova i para<\/p>\r\n        \r\n    <\/div>\r\n<\/div>\t    \t\t\t\t<\/div>\n\t\t\t\t<\/div>\n\t\t\t\t<\/div>\n\t\t\t\t<div class=\"elementor-element elementor-element-f7201e4 e-transform elementor-hidden-tablet elementor-hidden-mobile elementor-widget elementor-widget-heading\" data-id=\"f7201e4\" data-element_type=\"widget\" data-e-type=\"widget\" data-settings=\"{&quot;_transform_rotateZ_effect&quot;:{&quot;unit&quot;:&quot;px&quot;,&quot;size&quot;:-90,&quot;sizes&quot;:[]},&quot;_transform_rotateZ_effect_tablet&quot;:{&quot;unit&quot;:&quot;deg&quot;,&quot;size&quot;:&quot;&quot;,&quot;sizes&quot;:[]},&quot;_transform_rotateZ_effect_mobile&quot;:{&quot;unit&quot;:&quot;deg&quot;,&quot;size&quot;:&quot;&quot;,&quot;sizes&quot;:[]}}\" data-widget_type=\"heading.default\">\n\t\t\t\t\t<h2 class=\"elementor-heading-title elementor-size-default\">BENEFIT<\/h2>\t\t\t\t<\/div>\n\t\t\t\t\t<\/div>\n\t\t\t\t<\/div>\n\t\t<div class=\"elementor-element elementor-element-22244fd e-con-full elementor-hidden-mobile e-flex e-con e-parent\" data-id=\"22244fd\" data-element_type=\"container\" data-e-type=\"container\">\n\t\t<div class=\"elementor-element elementor-element-d473b10 e-con-full e-flex e-con e-child\" data-id=\"d473b10\" data-element_type=\"container\" data-e-type=\"container\">\n\t\t<div class=\"elementor-element elementor-element-25f85da e-con-full e-flex e-con e-child\" data-id=\"25f85da\" data-element_type=\"container\" data-e-type=\"container\" data-settings=\"{&quot;background_background&quot;:&quot;classic&quot;}\">\n\t\t\t\t<div class=\"elementor-element elementor-element-7c69631 elementor-widget__width-inherit elementor-widget elementor-widget-horizontal_shape\" data-id=\"7c69631\" data-element_type=\"widget\" data-e-type=\"widget\" data-widget_type=\"horizontal_shape.default\">\n\t\t\t\t<div class=\"elementor-widget-container\">\n\t\t\t\t\t\n\t\t\t<!-- Image One -->\n\t\t\t\n\t\t\t<!-- Image Two -->\n\t\t\t\t\t\t\t<div class=\"section-animation-shape1-1 animation-infinite\" \n\t\t\t\t\tstyle=\"background-image: url('https:\/\/wp.framerpeak.com\/construz\/wp-content\/uploads\/2024\/08\/global-line-shape1.png');\">\n\t\t\t\t<\/div>\n\t\t\t\n\t\t\t<!-- style one -->\n            \n\t\t\t<!-- style two -->\n            \n\t\t\t<!-- style three -->\n            \n        \t\t\t\t<\/div>\n\t\t\t\t<\/div>\n\t\t\t\t<\/div>\n\t\t\t\t<\/div>\n\t\t\t\t<\/div>\n\t\t\t\t<\/div>\n\t\t\n    <div class=\"xs_social_share_widget xs_share_url after_content \t\tmain_content  wslu-style-1 wslu-share-box-shaped wslu-fill-colored wslu-none wslu-share-horizontal wslu-theme-font-no wslu-main_content\">\n\n\t\t\n        <ul>\n\t\t\t        <\/ul>\n    <\/div> \n","protected":false},"excerpt":{"rendered":"<p>Tehni\u010dka ispitivanja obuhva\u0107aju pregledavanje i ispitivanje vitalnih instalacija gra\u0111evina nakon njihove ugradnje i pu\u0161tanja u uporabu, kao i tijekom eksploatacijskog vremena gra\u0111evine. Svrha svih ispitivanja je dokazivanje ugra\u0111enih svojstava instalacije sa ciljem zadr\u017eavanja njene sigurnosti i dugovje\u010dnosti. Za Vas pratimo rokove pregledavanja i ispitivanja, preporu\u010damo vanredne radnje, ako stanje instalacije to nala\u017ee i izdajemo detalje&#8230;<\/p>\n","protected":false},"author":1,"featured_media":4001,"parent":0,"menu_order":0,"comment_status":"closed","ping_status":"closed","template":"elementor_header_footer","meta":{"postBodyCss":"","postBodyMargin":[],"postBodyPadding":[],"postBodyBackground":{"backgroundType":"classic","gradient":""},"footnotes":""},"class_list":["post-3996","page","type-page","status-publish","has-post-thumbnail","hentry"],"_links":{"self":[{"href":"https:\/\/aiz.hr\/2026\/wp-json\/wp\/v2\/pages\/3996","targetHints":{"allow":["GET"]}}],"collection":[{"href":"https:\/\/aiz.hr\/2026\/wp-json\/wp\/v2\/pages"}],"about":[{"href":"https:\/\/aiz.hr\/2026\/wp-json\/wp\/v2\/types\/page"}],"author":[{"embeddable":true,"href":"https:\/\/aiz.hr\/2026\/wp-json\/wp\/v2\/users\/1"}],"replies":[{"embeddable":true,"href":"https:\/\/aiz.hr\/2026\/wp-json\/wp\/v2\/comments?post=3996"}],"version-history":[{"count":22,"href":"https:\/\/aiz.hr\/2026\/wp-json\/wp\/v2\/pages\/3996\/revisions"}],"predecessor-version":[{"id":4669,"href":"https:\/\/aiz.hr\/2026\/wp-json\/wp\/v2\/pages\/3996\/revisions\/4669"}],"wp:featuredmedia":[{"embeddable":true,"href":"https:\/\/aiz.hr\/2026\/wp-json\/wp\/v2\/media\/4001"}],"wp:attachment":[{"href":"https:\/\/aiz.hr\/2026\/wp-json\/wp\/v2\/media?parent=3996"}],"curies":[{"name":"wp","href":"https:\/\/api.w.org\/{rel}","templated":true}]}}