{"id":4133,"date":"2026-02-26T09:55:16","date_gmt":"2026-02-26T09:55:16","guid":{"rendered":"https:\/\/aiz.hr\/2026\/?page_id=4133"},"modified":"2026-03-11T08:33:00","modified_gmt":"2026-03-11T08:33:00","slug":"blower-door-test-ispitivanje-zrakonepropusnosti","status":"publish","type":"page","link":"https:\/\/aiz.hr\/2026\/blower-door-test-ispitivanje-zrakonepropusnosti\/","title":{"rendered":"Blower door test \u2013 Ispitivanje zrakonepropusnosti"},"content":{"rendered":"\t\t<div data-elementor-type=\"wp-page\" data-elementor-id=\"4133\" class=\"elementor elementor-4133\">\n\t\t\t\t<div class=\"elementor-element elementor-element-9ceabc1 e-flex e-con-boxed e-con e-parent\" data-id=\"9ceabc1\" data-element_type=\"container\" data-e-type=\"container\">\n\t\t\t\t\t<div class=\"e-con-inner\">\n\t\t<div class=\"elementor-element elementor-element-754c30d e-con-full e-flex elementor-invisible e-con e-child\" data-id=\"754c30d\" data-element_type=\"container\" data-e-type=\"container\" data-settings=\"{&quot;animation&quot;:&quot;fadeInLeft&quot;}\">\n\t\t\t\t<div class=\"elementor-element elementor-element-9c8b9e6 elementor-widget elementor-widget-heading\" data-id=\"9c8b9e6\" data-element_type=\"widget\" data-e-type=\"widget\" data-widget_type=\"heading.default\">\n\t\t\t\t\t<h2 class=\"elementor-heading-title elementor-size-default\">Blower door test \u2013 Ispitivanje zrakonepropusnosti\n\n<\/h2>\t\t\t\t<\/div>\n\t\t\t\t<div class=\"elementor-element elementor-element-808baed elementor-widget elementor-widget-text-editor\" data-id=\"808baed\" data-element_type=\"widget\" data-e-type=\"widget\" data-widget_type=\"text-editor.default\">\n\t\t\t\t\t\t\t\t\t<p>Po\u0161tovani, da bismo iskoristili sve prednosti moderne gradnje i kvalitetnih materijala potrebno je provoditi kontrole izvedenih radova neovisno o zakonskim obavezama.<br \/><br \/><em>I najbolji sustav nije dobar ukoliko detalji nisu kvalitetno izvedeni.<\/em><\/p>\t\t\t\t\t\t\t\t<\/div>\n\t\t\t\t<div class=\"elementor-element elementor-element-e545f1c elementor-widget elementor-widget-image\" data-id=\"e545f1c\" data-element_type=\"widget\" data-e-type=\"widget\" data-widget_type=\"image.default\">\n\t\t\t\t\t\t\t\t\t\t\t\t\t\t\t<img fetchpriority=\"high\" decoding=\"async\" width=\"751\" height=\"420\" src=\"https:\/\/aiz.hr\/2026\/wp-content\/uploads\/2026\/02\/Blower-door-test-\u2013-Ispitivanje-zrakonepropusnosti-1024x573.jpg\" class=\"attachment-large size-large wp-image-4140\" alt=\"\" srcset=\"https:\/\/aiz.hr\/2026\/wp-content\/uploads\/2026\/02\/Blower-door-test-\u2013-Ispitivanje-zrakonepropusnosti-1024x573.jpg 1024w, https:\/\/aiz.hr\/2026\/wp-content\/uploads\/2026\/02\/Blower-door-test-\u2013-Ispitivanje-zrakonepropusnosti-300x168.jpg 300w, https:\/\/aiz.hr\/2026\/wp-content\/uploads\/2026\/02\/Blower-door-test-\u2013-Ispitivanje-zrakonepropusnosti-768x430.jpg 768w, https:\/\/aiz.hr\/2026\/wp-content\/uploads\/2026\/02\/Blower-door-test-\u2013-Ispitivanje-zrakonepropusnosti-1536x860.jpg 1536w, https:\/\/aiz.hr\/2026\/wp-content\/uploads\/2026\/02\/Blower-door-test-\u2013-Ispitivanje-zrakonepropusnosti.jpg 1600w\" sizes=\"(max-width: 751px) 100vw, 751px\" \/>\t\t\t\t\t\t\t\t\t\t\t\t\t\t\t<\/div>\n\t\t\t\t<div class=\"elementor-element elementor-element-d890b2a elementor-widget elementor-widget-text-editor\" data-id=\"d890b2a\" data-element_type=\"widget\" data-e-type=\"widget\" data-widget_type=\"text-editor.default\">\n\t\t\t\t\t\t\t\t\t<p><strong><br \/>Zato smo mi tu!<br \/><\/strong><br \/>Dopustite da Vas upoznamo sa novostima kod tehni\u010dkog pregleda novoizgra\u0111ene i rekonstruirane gra\u0111evine.<\/p>\t\t\t\t\t\t\t\t<\/div>\n\t\t\t\t<div class=\"elementor-element elementor-element-bc18686 elementor-widget elementor-widget-text-editor\" data-id=\"bc18686\" data-element_type=\"widget\" data-e-type=\"widget\" data-widget_type=\"text-editor.default\">\n\t\t\t\t\t\t\t\t\t<p><span style=\"color: #ffffff;\">Prema tehni\u010dkom propisu o racionalnoj uporabi energije i toplinskoj za\u0161titi<\/span><\/p><p><span style=\"color: #ffffff;\">zgrada (NN 128\/15, 70\/18, 73\/18, 86\/18, 102\/20) za sve<\/span><br \/><span style=\"color: #ffffff;\"><strong>NOVOIZGRA\u0110ENE I REKONSTRUIRANE GRA\u0110EVINE<\/strong><\/span><\/p><p><span style=\"color: #ffffff;\"><strong>OD 01.01.2021. GODINE<\/strong><\/span><\/p><p><span style=\"color: #ffffff;\">potrebno je prije tehni\u010dkog pregleda za uporabnu dozvolu ispuniti zahtjeve o<\/span><\/p><p><span style=\"color: #ffffff;\">zrakonepropusnosti.<\/span><\/p>\t\t\t\t\t\t\t\t<\/div>\n\t\t\t\t<\/div>\n\t\t<div class=\"elementor-element elementor-element-7bc6d20 e-con-full e-flex elementor-invisible e-con e-child\" data-id=\"7bc6d20\" data-element_type=\"container\" data-e-type=\"container\" data-settings=\"{&quot;animation&quot;:&quot;fadeInRight&quot;}\">\n\t\t\t\t<div class=\"elementor-element elementor-element-89fcb82 elementor-widget elementor-widget-text-editor\" data-id=\"89fcb82\" data-element_type=\"widget\" data-e-type=\"widget\" data-widget_type=\"text-editor.default\">\n\t\t\t\t\t\t\t\t\t<p>Blower Door Test ispitivanje zrakonepropusnosti, <strong>osim \u0161to je zakonska obveza,<\/strong> slu\u017ei<br \/>prvenstveno korisniku da smanji vlastite tro\u0161kove grijanja i hla\u0111enja. Ako \u017eelite u\u0161tedjeti novac<br \/>na ra\u010dunima za grijanje i hla\u0111enje trebate detektirati mjesta gdje se toplina gubi. Blower door test<br \/>detektira mjesta curenja zraka tako da pokazuje je li gra\u0111evina dovoljno zrakonepropusna<br \/>(hermeti\u010dna) ili \u0107e gubiti toplinu kroz razne otvore zbog propusta u projektiranju, gradnji ili<br \/>kori\u0161tenju.<\/p><p><span style=\"text-decoration: underline;\">Gradnja objekta je pri kraju i pripremate se za <strong>tehni\u010dki pregled.<br \/><\/strong><\/span><br \/>Naravno, sretni ste jer jo\u0161 je korak do useljenja ili primopredaje. Znate da morate prikupiti sve<br \/>ateste i certifikate za tehni\u010dki pregled, ali osim toga i Vas zanima da li je kvaliteta izvedenih<br \/>radova na nivou koji ste ugovorili s izvo\u0111a\u010dem. Da bi ste to znali trebate napraviti test<br \/>zrakonepropusnosti (Blower door test).<\/p>\t\t\t\t\t\t\t\t<\/div>\n\t\t\t\t<div class=\"elementor-element elementor-element-2a2bcfb elementor-widget elementor-widget-text-editor\" data-id=\"2a2bcfb\" data-element_type=\"widget\" data-e-type=\"widget\" data-widget_type=\"text-editor.default\">\n\t\t\t\t\t\t\t\t\t<p><span style=\"color: #ff0000;\">PONUDU za testiranje na vrijeme zatra\u017eite kod ovla\u0161tene tvrtke za atestiranje:<\/span><\/p><p>Tel: 021\u2013783\u2013606<br \/>E-mail: <a href=\"mailto:atesti@aiz.hr\">atesti@aiz.hr<\/a><\/p>\t\t\t\t\t\t\t\t<\/div>\n\t\t\t\t<div class=\"elementor-element elementor-element-60daa41 elementor-widget elementor-widget-text-editor\" data-id=\"60daa41\" data-element_type=\"widget\" data-e-type=\"widget\" data-widget_type=\"text-editor.default\">\n\t\t\t\t\t\t\t\t\t<p>Izrada energetskog certifikata za poslovne prostore, ku\u0107e, stanove, zgrade.<br \/>Provedba energetskih pregleda i izrade tro\u0161kovnika, ponuda i ostale dokumentacije<br \/>za energetsku obnovu.<br \/><br \/>Ovla\u0161tenje za:<br \/>Energetski pregled i izdavanje energetskih certifikata s jednostavnim tehni\u010dkim<br \/>sustavom (Modul 1)<br \/><br \/>Energetski pregled i izdavanje energetskih certifikata sa slo\u017eenim tehni\u010dkim<br \/>sustavom (Modul 2)<\/p><p><a href=\"https:\/\/mpgi.gov.hr\/o-ministarstvu\/djelokrug-50\/energetsko-certificiranje-zgrada- 8304\/8304\" data-wplink-url-error=\"true\">Poveznica &#8211; klikni za detalje<\/a><\/p>\t\t\t\t\t\t\t\t<\/div>\n\t\t\t\t<\/div>\n\t\t\t\t<div class=\"elementor-element elementor-element-f7201e4 e-transform elementor-hidden-tablet elementor-hidden-mobile elementor-widget elementor-widget-heading\" data-id=\"f7201e4\" data-element_type=\"widget\" data-e-type=\"widget\" data-settings=\"{&quot;_transform_rotateZ_effect&quot;:{&quot;unit&quot;:&quot;px&quot;,&quot;size&quot;:-90,&quot;sizes&quot;:[]},&quot;_transform_rotateZ_effect_tablet&quot;:{&quot;unit&quot;:&quot;deg&quot;,&quot;size&quot;:&quot;&quot;,&quot;sizes&quot;:[]},&quot;_transform_rotateZ_effect_mobile&quot;:{&quot;unit&quot;:&quot;deg&quot;,&quot;size&quot;:&quot;&quot;,&quot;sizes&quot;:[]}}\" data-widget_type=\"heading.default\">\n\t\t\t\t\t<h2 class=\"elementor-heading-title elementor-size-default\">BENEFIT<\/h2>\t\t\t\t<\/div>\n\t\t\t\t\t<\/div>\n\t\t\t\t<\/div>\n\t\t<div class=\"elementor-element elementor-element-22244fd e-con-full elementor-hidden-mobile e-flex e-con e-parent\" data-id=\"22244fd\" data-element_type=\"container\" data-e-type=\"container\">\n\t\t<div class=\"elementor-element elementor-element-d473b10 e-con-full e-flex e-con e-child\" data-id=\"d473b10\" data-element_type=\"container\" data-e-type=\"container\">\n\t\t<div class=\"elementor-element elementor-element-25f85da e-con-full e-flex e-con e-child\" data-id=\"25f85da\" data-element_type=\"container\" data-e-type=\"container\" data-settings=\"{&quot;background_background&quot;:&quot;classic&quot;}\">\n\t\t\t\t<div class=\"elementor-element elementor-element-7c69631 elementor-widget__width-inherit elementor-widget elementor-widget-horizontal_shape\" data-id=\"7c69631\" data-element_type=\"widget\" data-e-type=\"widget\" data-widget_type=\"horizontal_shape.default\">\n\t\t\t\t<div class=\"elementor-widget-container\">\n\t\t\t\t\t\n\t\t\t<!-- Image One -->\n\t\t\t\n\t\t\t<!-- Image Two -->\n\t\t\t\t\t\t\t<div class=\"section-animation-shape1-1 animation-infinite\" \n\t\t\t\t\tstyle=\"background-image: url('https:\/\/wp.framerpeak.com\/construz\/wp-content\/uploads\/2024\/08\/global-line-shape1.png');\">\n\t\t\t\t<\/div>\n\t\t\t\n\t\t\t<!-- style one -->\n            \n\t\t\t<!-- style two -->\n            \n\t\t\t<!-- style three -->\n            \n        \t\t\t\t<\/div>\n\t\t\t\t<\/div>\n\t\t\t\t<\/div>\n\t\t\t\t<\/div>\n\t\t\t\t<\/div>\n\t\t\t\t<\/div>\n\t\t\n    <div class=\"xs_social_share_widget xs_share_url after_content \t\tmain_content  wslu-style-1 wslu-share-box-shaped wslu-fill-colored wslu-none wslu-share-horizontal wslu-theme-font-no wslu-main_content\">\n\n\t\t\n        <ul>\n\t\t\t        <\/ul>\n    <\/div> \n","protected":false},"excerpt":{"rendered":"<p>Blower door test \u2013 Ispitivanje zrakonepropusnosti Po\u0161tovani, da bismo iskoristili sve prednosti moderne gradnje i kvalitetnih materijala potrebno je provoditi kontrole izvedenih radova neovisno o zakonskim obavezama. I najbolji sustav nije dobar ukoliko detalji nisu kvalitetno izvedeni. Zato smo mi tu!Dopustite da Vas upoznamo sa novostima kod tehni\u010dkog pregleda novoizgra\u0111ene i rekonstruirane gra\u0111evine. Prema tehni\u010dkom&#8230;<\/p>\n","protected":false},"author":1,"featured_media":4140,"parent":0,"menu_order":0,"comment_status":"closed","ping_status":"closed","template":"elementor_header_footer","meta":{"postBodyCss":"","postBodyMargin":[],"postBodyPadding":[],"postBodyBackground":{"backgroundType":"classic","gradient":""},"footnotes":""},"class_list":["post-4133","page","type-page","status-publish","has-post-thumbnail","hentry"],"_links":{"self":[{"href":"https:\/\/aiz.hr\/2026\/wp-json\/wp\/v2\/pages\/4133","targetHints":{"allow":["GET"]}}],"collection":[{"href":"https:\/\/aiz.hr\/2026\/wp-json\/wp\/v2\/pages"}],"about":[{"href":"https:\/\/aiz.hr\/2026\/wp-json\/wp\/v2\/types\/page"}],"author":[{"embeddable":true,"href":"https:\/\/aiz.hr\/2026\/wp-json\/wp\/v2\/users\/1"}],"replies":[{"embeddable":true,"href":"https:\/\/aiz.hr\/2026\/wp-json\/wp\/v2\/comments?post=4133"}],"version-history":[{"count":20,"href":"https:\/\/aiz.hr\/2026\/wp-json\/wp\/v2\/pages\/4133\/revisions"}],"predecessor-version":[{"id":4550,"href":"https:\/\/aiz.hr\/2026\/wp-json\/wp\/v2\/pages\/4133\/revisions\/4550"}],"wp:featuredmedia":[{"embeddable":true,"href":"https:\/\/aiz.hr\/2026\/wp-json\/wp\/v2\/media\/4140"}],"wp:attachment":[{"href":"https:\/\/aiz.hr\/2026\/wp-json\/wp\/v2\/media?parent=4133"}],"curies":[{"name":"wp","href":"https:\/\/api.w.org\/{rel}","templated":true}]}}