{"id":4185,"date":"2026-02-26T10:47:55","date_gmt":"2026-02-26T10:47:55","guid":{"rendered":"https:\/\/aiz.hr\/2026\/?page_id=4185"},"modified":"2026-03-11T08:17:51","modified_gmt":"2026-03-11T08:17:51","slug":"zatrazi-ponudu","status":"publish","type":"page","link":"https:\/\/aiz.hr\/2026\/zatrazi-ponudu\/","title":{"rendered":"Zatra\u017ei ponudu"},"content":{"rendered":"\t\t<div data-elementor-type=\"wp-page\" data-elementor-id=\"4185\" class=\"elementor elementor-4185\">\n\t\t\t\t<div class=\"elementor-element elementor-element-414ce5d e-flex e-con-boxed e-con e-parent\" data-id=\"414ce5d\" data-element_type=\"container\" data-e-type=\"container\">\n\t\t\t\t\t<div class=\"e-con-inner\">\n\t\t<div class=\"elementor-element elementor-element-37e5c7c e-con-full e-flex elementor-invisible e-con e-child\" data-id=\"37e5c7c\" data-element_type=\"container\" data-e-type=\"container\" data-settings=\"{&quot;animation&quot;:&quot;fadeInLeft&quot;}\">\n\t\t<div class=\"elementor-element elementor-element-fb28a6b e-con-full e-flex e-con e-child\" data-id=\"fb28a6b\" data-element_type=\"container\" data-e-type=\"container\" data-settings=\"{&quot;background_background&quot;:&quot;classic&quot;}\">\n\t\t<div class=\"elementor-element elementor-element-22743ea e-con-full e-flex e-con e-child\" data-id=\"22743ea\" data-element_type=\"container\" data-e-type=\"container\">\n\t\t\t\t<div class=\"elementor-element elementor-element-40aef5d elementor-widget elementor-widget-image\" data-id=\"40aef5d\" data-element_type=\"widget\" data-e-type=\"widget\" data-widget_type=\"image.default\">\n\t\t\t\t\t\t\t\t\t\t\t\t\t\t\t<img fetchpriority=\"high\" decoding=\"async\" width=\"391\" height=\"281\" src=\"https:\/\/aiz.hr\/2026\/wp-content\/uploads\/2024\/08\/blog_1_4.png\" class=\"attachment-full size-full wp-image-1008\" alt=\"\" srcset=\"https:\/\/aiz.hr\/2026\/wp-content\/uploads\/2024\/08\/blog_1_4.png 391w, https:\/\/aiz.hr\/2026\/wp-content\/uploads\/2024\/08\/blog_1_4-300x216.png 300w\" sizes=\"(max-width: 391px) 100vw, 391px\" \/>\t\t\t\t\t\t\t\t\t\t\t\t\t\t\t<\/div>\n\t\t\t\t<div class=\"elementor-element elementor-element-ebdc3ff elementor-widget elementor-widget-heading\" data-id=\"ebdc3ff\" data-element_type=\"widget\" data-e-type=\"widget\" data-widget_type=\"heading.default\">\n\t\t\t\t\t<h2 class=\"elementor-heading-title elementor-size-default\">Zatra\u017ei ponudu\n<\/h2>\t\t\t\t<\/div>\n\t\t\t\t<div class=\"elementor-element elementor-element-87dce0b elementor-widget elementor-widget-text-editor\" data-id=\"87dce0b\" data-element_type=\"widget\" data-e-type=\"widget\" data-widget_type=\"text-editor.default\">\n\t\t\t\t\t\t\t\t\t<p>Vodimo ra\u010duna o zdravlju i sigurnosti va\u0161ih djelatnika.<\/p><p><strong>Obratite nam se s povjerenjem!<\/strong><\/p><p><strong>Ispunite formular i javit \u010demo Vam se u najkra\u0107em mogu\u010dem roku.<\/strong><\/p>\t\t\t\t\t\t\t\t<\/div>\n\t\t\t\t<div class=\"elementor-element elementor-element-82ade9a elementor-widget elementor-widget-horizontal_shape\" data-id=\"82ade9a\" data-element_type=\"widget\" data-e-type=\"widget\" data-widget_type=\"horizontal_shape.default\">\n\t\t\t\t<div class=\"elementor-widget-container\">\n\t\t\t\t\t\n\t\t\t<!-- Image One -->\n\t\t\t\n\t\t\t<!-- Image Two -->\n\t\t\t\t\t\t\t<div class=\"section-animation-shape1-1 animation-infinite\" \n\t\t\t\t\tstyle=\"background-image: url('https:\/\/wp.framerpeak.com\/construz\/wp-content\/uploads\/2024\/08\/global-line-shape1.png');\">\n\t\t\t\t<\/div>\n\t\t\t\n\t\t\t<!-- style one -->\n            \n\t\t\t<!-- style two -->\n            \n\t\t\t<!-- style three -->\n            \n        \t\t\t\t<\/div>\n\t\t\t\t<\/div>\n\t\t\t\t<\/div>\n\t\t\t\t<\/div>\n\t\t\t\t<\/div>\n\t\t<div class=\"elementor-element elementor-element-831bad5 e-con-full e-flex e-con e-child\" data-id=\"831bad5\" data-element_type=\"container\" data-e-type=\"container\">\n\t\t\t\t<div class=\"elementor-element elementor-element-1f728b5 elementor-invisible elementor-widget elementor-widget-construzsectiontitle\" data-id=\"1f728b5\" data-element_type=\"widget\" data-e-type=\"widget\" data-settings=\"{&quot;_animation&quot;:&quot;fadeInRight&quot;}\" data-widget_type=\"construzsectiontitle.default\">\n\t\t\t\t<div class=\"elementor-widget-container\">\n\t\t\t\t\t\t\t\t<div class=\"title-area\">\r\n    <span class=\"sub-title\">\r\n        Javite nam se\r\n                    <i aria-hidden=\"true\" class=\"ri-arrow-right-down-line\"><\/i>            <\/span>\r\n\r\n            <h2 class=\"sec-title\">\r\n            Detalji ponude        <\/h2>\r\n    \r\n    <\/div>\r\n\t\t\t\t\t\t<\/div>\n\t\t\t\t<\/div>\n\t\t\t\t<div class=\"elementor-element elementor-element-3fff534 elementor-invisible elementor-widget elementor-widget-shortcode\" data-id=\"3fff534\" data-element_type=\"widget\" data-e-type=\"widget\" data-settings=\"{&quot;_animation&quot;:&quot;fadeInUp&quot;}\" data-widget_type=\"shortcode.default\">\n\t\t\t\t\t\t\t<div class=\"elementor-shortcode\"><div class=\"mf-form-shortcode\">\r\n\t\t<div\r\n\t\t\tid=\"metform-wrap-1235-1235\"\r\n\t\t\tclass=\"mf-form-wrapper\"\r\n\t\t\tdata-form-id=\"1235\"\r\n\t\t\tdata-action=\"https:\/\/aiz.hr\/2026\/wp-json\/metform\/v1\/entries\/insert\/1235\"\r\n\t\t\tdata-wp-nonce=\"e4ff93af28\"\r\n\t\t\tdata-form-nonce=\"03847cdc0f\"\r\n\t\t\tdata-quiz-summery = \"false\"\r\n\t\t\tdata-save-progress = \"false\"\r\n\t\t\tdata-form-type=\"general-form\"\r\n\t\t\tdata-stop-vertical-effect=\"\"\r\n\t\t\t><\/div>\r\n\r\n\r\n\t\t<!----------------------------- \r\n\t\t\t* controls_data : find the the props passed indie of data attribute\r\n\t\t\t* props.SubmitResponseMarkup : contains the markup of error or success message\r\n\t\t\t* https:\/\/developer.mozilla.org\/en-US\/docs\/Web\/JavaScript\/Reference\/Template_literals\r\n\t\t--------------------------- -->\r\n\r\n\t\t\t\t<script type=\"text\/mf\" class=\"mf-template\">\r\n\t\t\tfunction controls_data (value){\r\n\t\t\t\tlet currentWrapper = \"mf-response-props-id-1235\";\r\n\t\t\t\tlet currentEl = document.getElementById(currentWrapper);\r\n\t\t\t\t\r\n\t\t\t\treturn currentEl ? currentEl.dataset[value] : false\r\n\t\t\t}\r\n\r\n\r\n\t\t\tlet is_edit_mode = '' ? true : false;\r\n\t\t\tlet message_position = controls_data('messageposition') || 'top';\r\n\r\n\t\t\t\r\n\t\t\tlet message_successIcon = controls_data('successicon') || '';\r\n\t\t\tlet message_errorIcon = controls_data('erroricon') || '';\r\n\t\t\tlet message_editSwitch = controls_data('editswitchopen') === 'yes' ? true : false;\r\n\t\t\tlet message_proClass = controls_data('editswitchopen') === 'yes' ? 'mf_pro_activated' : '';\r\n\t\t\t\r\n\t\t\tlet is_dummy_markup = is_edit_mode && message_editSwitch ? true : false;\r\n\r\n\t\t\t\r\n\t\t\treturn html`\r\n\t\t\t\t<form\r\n\t\t\t\t\tclassName=\"metform-form-content\"\r\n\t\t\t\t\tref=${parent.formContainerRef}\r\n\t\t\t\t\tonSubmit=${ validation.handleSubmit( parent.handleFormSubmit ) }\r\n\t\t\t\t\r\n\t\t\t\t\t>\r\n\t\t\t\r\n\t\t\t\r\n\t\t\t\t\t${is_dummy_markup ? message_position === 'top' ?  props.ResponseDummyMarkup(message_successIcon, message_proClass) : '' : ''}\r\n\t\t\t\t\t${is_dummy_markup ? ' ' :  message_position === 'top' ? props.SubmitResponseMarkup`${parent}${state}${message_successIcon}${message_errorIcon}${message_proClass}` : ''}\r\n\r\n\t\t\t\t\t<!--------------------------------------------------------\r\n\t\t\t\t\t*** IMPORTANT \/ DANGEROUS ***\r\n\t\t\t\t\t${html``} must be used as in immediate child of \"metform-form-main-wrapper\"\r\n\t\t\t\t\tclass otherwise multistep form will not run at all\r\n\t\t\t\t\t---------------------------------------------------------->\r\n\r\n\t\t\t\t\t<div className=\"metform-form-main-wrapper\" key=${'hide-form-after-submit'} ref=${parent.formRef}>\r\n\t\t\t\t\t${html`\r\n\t\t\t\t\t\t\t\t<div data-elementor-type=\"wp-post\" key=\"2\" data-elementor-id=\"1235\" className=\"elementor elementor-1235\">\n\t\t\t\t<div className=\"elementor-element elementor-element-0d76d69 e-flex e-con-boxed e-con e-parent\" data-id=\"0d76d69\" data-element_type=\"container\" data-e-type=\"container\">\n\t\t\t\t\t<div className=\"e-con-inner\">\n\t\t<div className=\"elementor-element elementor-element-3f06a99 e-con-full e-flex e-con e-child\" data-id=\"3f06a99\" data-element_type=\"container\" data-e-type=\"container\">\n\t\t<div className=\"elementor-element elementor-element-b47e837 e-con-full e-flex e-con e-child\" data-id=\"b47e837\" data-element_type=\"container\" data-e-type=\"container\">\n\t\t\t\t<div className=\"elementor-element elementor-element-81d7fbe elementor-widget elementor-widget-mf-text\" data-id=\"81d7fbe\" data-element_type=\"widget\" data-e-type=\"widget\" data-settings=\"{&quot;mf_input_name&quot;:&quot;mf-text&quot;}\" data-widget_type=\"mf-text.default\">\n\t\t\t\t\t\r\n\t\t<div className=\"mf-input-wrapper\">\r\n\t\t\t\t\t\t\t<label className=\"mf-input-label\" htmlFor=\"mf-input-text-81d7fbe\">\r\n\t\t\t\t\t${ parent.decodeEntities(``) } \t\t\t\t\t<span className=\"mf-input-required-indicator\"><\/span>\r\n\t\t\t\t<\/label>\r\n\t\t\t\r\n\t\t\t<input\r\n\t\t\t\ttype=\"text\"\r\n\t\t\t\tclassName=\"mf-input \"\r\n\t\t\t\tid=\"mf-input-text-81d7fbe\"\r\n\t\t\t\tname=\"mf-text\"\r\n\t\t\t\tplaceholder=\"${ parent.decodeEntities(`Ime i prezime`) } \"\r\n\t\t\t\t\t\t\t\t\tonInput=${parent.handleChange}\r\n\t\t\t\t\tonBlur=${parent.handleChange}\r\n\t\t\t\t\taria-invalid=${validation.errors['mf-text'] ? 'true' : 'false'}\r\n\t\t\t\t\tref=${el =>{\r\n\t\t\t\t\t\t\t\t\t\t\t\tparent.activateValidation({\"message\":\"This field is required.\",\"minLength\":1,\"maxLength\":\"\",\"type\":\"none\",\"required\":false,\"expression\":\"null\"}, el)\r\n\t\t\t\t\t}}\r\n\t\t\t\t\t\t\t\t\/>\r\n\r\n\t\t\t\t\t\t\t<${validation.ErrorMessage}\r\n\t\t\t\t\terrors=${validation.errors}\r\n\t\t\t\t\tname=\"mf-text\"\r\n\t\t\t\t\tas=${html`<span className=\"mf-error-message\"><\/span>`}\r\n\t\t\t\t\t\/>\r\n\t\t\t\r\n\t\t\t\t\t<\/div>\r\n\r\n\t\t\t\t\t\t<\/div>\n\t\t\t\t<\/div>\n\t\t<div className=\"elementor-element elementor-element-8a60891 e-con-full e-flex e-con e-child\" data-id=\"8a60891\" data-element_type=\"container\" data-e-type=\"container\">\n\t\t\t\t<div className=\"elementor-element elementor-element-6c0a8ff elementor-widget elementor-widget-mf-email\" data-id=\"6c0a8ff\" data-element_type=\"widget\" data-e-type=\"widget\" data-settings=\"{&quot;mf_input_name&quot;:&quot;mf-email&quot;}\" data-widget_type=\"mf-email.default\">\n\t\t\t\t\t\r\n\t\t<div className=\"mf-input-wrapper\">\r\n\t\t\t\t\t\t\t<label className=\"mf-input-label\" htmlFor=\"mf-input-email-6c0a8ff\">\r\n\t\t\t\t\t${ parent.decodeEntities(``) } \t\t\t\t\t<span className=\"mf-input-required-indicator\"><\/span>\r\n\t\t\t\t<\/label>\r\n\t\t\t\r\n\t\t\t<input \r\n\t\t\t\ttype=\"email\" \r\n\t\t\t\t \r\n\t\t\t\tdefaultValue=\"\" \r\n\t\t\t\tclassName=\"mf-input \" \r\n\t\t\t\tid=\"mf-input-email-6c0a8ff\" \r\n\t\t\t\tname=\"mf-email\" \r\n\t\t\t\tplaceholder=\"${ parent.decodeEntities(`Email Adresa`) } \" \r\n\t\t\t\t \r\n\t\t\t\tonBlur=${parent.handleChange} onFocus=${parent.handleChange} aria-invalid=${validation.errors['mf-email'] ? 'true' : 'false' } \r\n\t\t\t\tref=${el=> parent.activateValidation({\"message\":\"This field is required.\",\"emailMessage\":\"Please enter a valid Email address\",\"minLength\":1,\"maxLength\":\"\",\"type\":\"none\",\"required\":false,\"expression\":\"null\"}, el)}\r\n\t\t\t\t\t\t\t\/>\r\n\r\n\t\t\t\t\t\t<${validation.ErrorMessage} \r\n\t\t\t\terrors=${validation.errors} \r\n\t\t\t\tname=\"mf-email\" \r\n\t\t\t\tas=${html`<span className=\"mf-error-message\"><\/span>`}\r\n\t\t\t\/>\r\n\t\t\t\r\n\t\t\t\t\t<\/div>\r\n\r\n\t\t\t\t<\/div>\n\t\t\t\t<\/div>\n\t\t\t\t<\/div>\n\t\t<div className=\"elementor-element elementor-element-9114e01 e-con-full e-flex e-con e-child\" data-id=\"9114e01\" data-element_type=\"container\" data-e-type=\"container\">\n\t\t<div className=\"elementor-element elementor-element-519665a e-con-full e-flex e-con e-child\" data-id=\"519665a\" data-element_type=\"container\" data-e-type=\"container\">\n\t\t\t\t<div className=\"elementor-element elementor-element-b5b1d8c elementor-widget elementor-widget-mf-number\" data-id=\"b5b1d8c\" data-element_type=\"widget\" data-e-type=\"widget\" data-settings=\"{&quot;mf_input_name&quot;:&quot;mf-number&quot;}\" data-widget_type=\"mf-number.default\">\n\t\t\t\t\t\r\n\t\t<div className=\"mf-input-wrapper\">\r\n\t\t\t\t\t\t\t<label className=\"mf-input-label\" htmlFor=\"mf-input-number-b5b1d8c\">\r\n\t\t\t\t\t${ parent.decodeEntities(``) } \t\t\t\t\t<span className=\"mf-input-required-indicator\"><\/span>\r\n\t\t\t\t<\/label>\r\n\t\t\t\r\n\t\t\t<input\r\n\t\t\t\ttype=\"number\"\r\n\t\t\t\tstep=\"any\"\r\n\t\t\t\tclassName=\"mf-input \"\r\n\t\t\t\tid=\"mf-input-mobile-b5b1d8c\"\r\n\t\t\t\tname=\"mf-number\"\r\n\t\t\t\tplaceholder=\"${ parent.decodeEntities(`Broj telefona`) } \"\r\n\t\t\t\t\t\t\t\t\tonInput=${parent.handleChange}\r\n\t\t\t\t\taria-invalid=${validation.errors['mf-number'] ? 'true' : 'false'}\r\n\t\t\t\t\tref=${el => parent.activateValidation({\"message\":\"This field is required.\",\"minLength\":1,\"maxLength\":\"\",\"type\":\"none\",\"required\":false,\"expression\":\"null\"}, el)}\r\n\t\t\t\t\t\t\t\t\/>\r\n\r\n\t\t\t\t\t\t\t<${validation.ErrorMessage}\r\n\t\t\t\t\terrors=${validation.errors}\r\n\t\t\t\t\tname=\"mf-number\"\r\n\t\t\t\t\tas=${html`<span className=\"mf-error-message\"><\/span>`}\r\n\t\t\t\t\t\/>\r\n\t\t\t\r\n\t\t\t\t\t<\/div>\r\n\r\n\t\t\t\t\t\t<\/div>\n\t\t\t\t<\/div>\n\t\t<div className=\"elementor-element elementor-element-a4fa30c e-con-full e-flex e-con e-child\" data-id=\"a4fa30c\" data-element_type=\"container\" data-e-type=\"container\">\n\t\t\t\t<div className=\"elementor-element elementor-element-d2bd77c elementor-widget elementor-widget-mf-select\" data-id=\"d2bd77c\" data-element_type=\"widget\" data-e-type=\"widget\" data-settings=\"{&quot;mf_input_name&quot;:&quot;mf-select&quot;,&quot;mf_input_list&quot;:[{&quot;mf_input_option_text&quot;:&quot;Tehni\\u010dka ispitivanja&quot;,&quot;mf_input_option_value&quot;:&quot;Tehni\\u010dka ispitivanja&quot;,&quot;_id&quot;:&quot;df20282&quot;,&quot;mf_input_option_status&quot;:&quot;&quot;,&quot;mf_input_option_selected&quot;:&quot;&quot;},{&quot;mf_input_option_text&quot;:&quot;Minimalni Tehni\\u010dki Uvjeti&quot;,&quot;mf_input_option_value&quot;:&quot;Minimalni Tehni\\u010dki Uvjeti&quot;,&quot;_id&quot;:&quot;5243e32&quot;,&quot;mf_input_option_status&quot;:&quot;&quot;,&quot;mf_input_option_selected&quot;:&quot;&quot;},{&quot;mf_input_option_text&quot;:&quot;Za\\u0161tita na radu&quot;,&quot;mf_input_option_value&quot;:&quot;Za\\u0161tita na radu&quot;,&quot;_id&quot;:&quot;3986322&quot;,&quot;mf_input_option_status&quot;:&quot;&quot;,&quot;mf_input_option_selected&quot;:&quot;&quot;},{&quot;mf_input_option_text&quot;:&quot;Za\\u0161tita od po\\u017eara&quot;,&quot;mf_input_option_value&quot;:&quot;Za\\u0161tita od po\\u017eara&quot;,&quot;_id&quot;:&quot;8145f4e&quot;,&quot;mf_input_option_status&quot;:&quot;&quot;,&quot;mf_input_option_selected&quot;:&quot;&quot;},{&quot;mf_input_option_text&quot;:&quot;Za\\u0161tita okoli\\u0161a&quot;,&quot;mf_input_option_value&quot;:&quot;Za\\u0161tita okoli\\u0161a&quot;,&quot;_id&quot;:&quot;2de1d63&quot;,&quot;mf_input_option_status&quot;:&quot;&quot;,&quot;mf_input_option_selected&quot;:&quot;&quot;},{&quot;mf_input_option_text&quot;:&quot;Projektiranje, nadzor i sigurnost pri gra\\u0111enju&quot;,&quot;mf_input_option_value&quot;:&quot;Projektiranje, nadzor i sigurnost pri gra\\u0111enju&quot;,&quot;_id&quot;:&quot;1456bee&quot;,&quot;mf_input_option_status&quot;:&quot;&quot;,&quot;mf_input_option_selected&quot;:&quot;&quot;},{&quot;mf_input_option_text&quot;:&quot;Stru\\u010dno osposobljavanje&quot;,&quot;mf_input_option_value&quot;:&quot;Stru\\u010dno osposobljavanje&quot;,&quot;_id&quot;:&quot;7779bad&quot;,&quot;mf_input_option_status&quot;:&quot;&quot;,&quot;mf_input_option_selected&quot;:&quot;&quot;},{&quot;mf_input_option_text&quot;:&quot;Blower door test \\u2013 Ispitivanje zrakonepropusnosti&quot;,&quot;mf_input_option_value&quot;:&quot;Blower door test \\u2013 Ispitivanje zrakonepropusnosti&quot;,&quot;_id&quot;:&quot;37a54e3&quot;,&quot;mf_input_option_status&quot;:&quot;&quot;,&quot;mf_input_option_selected&quot;:&quot;&quot;},{&quot;mf_input_option_text&quot;:&quot;Op\\u0107eniti upit&quot;,&quot;mf_input_option_value&quot;:&quot;Blower door test \\u2013 Ispitivanje zrakonepropusnosti&quot;,&quot;_id&quot;:&quot;dc0835c&quot;,&quot;mf_input_option_status&quot;:&quot;&quot;,&quot;mf_input_option_selected&quot;:&quot;&quot;}]}\" data-widget_type=\"mf-select.default\">\n\t\t\t\t\t\n\t\t\n\t\t<div className=\"mf-input-wrapper\">\n\t\t\t\t\t\t\t<label className=\"mf-input-label\" htmlFor=\"mf-input-select-d2bd77c\">\n\t\t\t\t\t${ parent.decodeEntities(``) } \t\t\t\t\t<span className=\"mf-input-required-indicator\"><\/span>\n\t\t\t\t<\/label>\n            \n            <${props.Select}\n                className=${\"mf-input mf-input-select  \" + ( validation.errors['mf-select'] ? 'mf-invalid' : '' )}\n                classNamePrefix=\"mf_select\"\n                name=\"mf-select\"\n                placeholder=\"${ parent.decodeEntities(`Uz koju je djelatnost vezan upit`) } \"\n                isSearchable=${false}\n                options=${[{\"label\":\"Tehni\\u010dka ispitivanja\",\"value\":\"Tehni\\u010dka ispitivanja\",\"isDisabled\":false},{\"label\":\"Minimalni Tehni\\u010dki Uvjeti\",\"value\":\"Minimalni Tehni\\u010dki Uvjeti\",\"isDisabled\":false},{\"label\":\"Za\\u0161tita na radu\",\"value\":\"Za\\u0161tita na radu\",\"isDisabled\":false},{\"label\":\"Za\\u0161tita od po\\u017eara\",\"value\":\"Za\\u0161tita od po\\u017eara\",\"isDisabled\":false},{\"label\":\"Za\\u0161tita okoli\\u0161a\",\"value\":\"Za\\u0161tita okoli\\u0161a\",\"isDisabled\":false},{\"label\":\"Projektiranje, nadzor i sigurnost pri gra\\u0111enju\",\"value\":\"Projektiranje, nadzor i sigurnost pri gra\\u0111enju\",\"isDisabled\":false},{\"label\":\"Stru\\u010dno osposobljavanje\",\"value\":\"Stru\\u010dno osposobljavanje\",\"isDisabled\":false},{\"label\":\"Blower door test \\u2013 Ispitivanje zrakonepropusnosti\",\"value\":\"Blower door test \\u2013 Ispitivanje zrakonepropusnosti\",\"isDisabled\":false},{\"label\":\"Op\\u0107eniti upit\",\"value\":\"Blower door test \\u2013 Ispitivanje zrakonepropusnosti\",\"isDisabled\":false}]}\n                value=${parent.getValue(\"mf-select\") ? [{\"label\":\"Tehni\\u010dka ispitivanja\",\"value\":\"Tehni\\u010dka ispitivanja\",\"isDisabled\":false},{\"label\":\"Minimalni Tehni\\u010dki Uvjeti\",\"value\":\"Minimalni Tehni\\u010dki Uvjeti\",\"isDisabled\":false},{\"label\":\"Za\\u0161tita na radu\",\"value\":\"Za\\u0161tita na radu\",\"isDisabled\":false},{\"label\":\"Za\\u0161tita od po\\u017eara\",\"value\":\"Za\\u0161tita od po\\u017eara\",\"isDisabled\":false},{\"label\":\"Za\\u0161tita okoli\\u0161a\",\"value\":\"Za\\u0161tita okoli\\u0161a\",\"isDisabled\":false},{\"label\":\"Projektiranje, nadzor i sigurnost pri gra\\u0111enju\",\"value\":\"Projektiranje, nadzor i sigurnost pri gra\\u0111enju\",\"isDisabled\":false},{\"label\":\"Stru\\u010dno osposobljavanje\",\"value\":\"Stru\\u010dno osposobljavanje\",\"isDisabled\":false},{\"label\":\"Blower door test \\u2013 Ispitivanje zrakonepropusnosti\",\"value\":\"Blower door test \\u2013 Ispitivanje zrakonepropusnosti\",\"isDisabled\":false},{\"label\":\"Op\\u0107eniti upit\",\"value\":\"Blower door test \\u2013 Ispitivanje zrakonepropusnosti\",\"isDisabled\":false}].filter(item => item.value === parent.getValue(\"mf-select\"))[0] : []}\n                onChange=${(e)=> parent.handleSelect(e, \"mf-select\")}\n                ref=${() => {\n\t\t\t\t                    register({ name: \"mf-select\" }, parent.activateValidation({\"message\":\"This field is required.\",\"minLength\":1,\"maxLength\":\"\",\"type\":\"none\",\"required\":false}));\n                    if ( parent.getValue(\"mf-select\") === '' && false ) {\n\t\t\t\t    parent.setValue( 'mf-select', '', true );\n                        parent.handleChange({\n                            target: {\n                                name: 'mf-select',\n                                value: ''\n                            }\n                        });\n                    }\n                }}\n                \/>\n\n            \t\t\t\t<${validation.ErrorMessage}\n\t\t\t\t\terrors=${validation.errors}\n\t\t\t\t\tname=\"mf-select\"\n\t\t\t\t\tas=${html`<span className=\"mf-error-message\"><\/span>`}\n\t\t\t\t\t\/>\n\t\t\t\t\t\t\t\t<\/div>\n\n\t\t\n\t\t\t\t\t\t<\/div>\n\t\t\t\t<\/div>\n\t\t\t\t<\/div>\n\t\t<div className=\"elementor-element elementor-element-ac762dc e-con-full e-flex e-con e-child\" data-id=\"ac762dc\" data-element_type=\"container\" data-e-type=\"container\">\n\t\t\t\t<div className=\"elementor-element elementor-element-c33b95d elementor-widget elementor-widget-mf-textarea\" data-id=\"c33b95d\" data-element_type=\"widget\" data-e-type=\"widget\" data-settings=\"{&quot;mf_input_name&quot;:&quot;mf-textarea&quot;}\" data-widget_type=\"mf-textarea.default\">\n\t\t\t\t\t\r\n\t\t<div className=\"mf-input-wrapper\">\r\n\t\t\t\t\t\t\t<label className=\"mf-input-label\" htmlFor=\"mf-input-text-area-c33b95d\">\r\n\t\t\t\t\t${ parent.decodeEntities(``) } \t\t\t\t\t<span className=\"mf-input-required-indicator\"><\/span>\r\n\t\t\t\t<\/label>\r\n\t\t\t\r\n\t\t\t<textarea className=\"mf-input mf-textarea \" id=\"mf-input-text-area-c33b95d\"\r\n\t\t\t\tname=\"mf-textarea\" \r\n\t\t\t\tplaceholder=\"${ parent.decodeEntities(`Poruka...`) } \"\r\n\t\t\t\tcols=\"30\" rows=\"10\"\r\n\t\t\t\t\t\t\t\t\tonInput=${ parent.handleChange }\r\n\t\t\t\t\taria-invalid=${validation.errors['mf-textarea'] ? 'true' : 'false'}\r\n\t\t\t\t\tref=${ el => parent.activateValidation({\"message\":\"This field is required.\",\"minLength\":1,\"maxLength\":\"\",\"type\":\"none\",\"required\":false,\"expression\":\"null\"}, el)}\r\n\t\t\t\t\t\t\t\t><\/textarea>\r\n\r\n\t\t\t\t\t\t\t<${validation.ErrorMessage}\r\n\t\t\t\t\terrors=${validation.errors}\r\n\t\t\t\t\tname=\"mf-textarea\"\r\n\t\t\t\t\tas=${html`<span className=\"mf-error-message\"><\/span>`}\r\n\t\t\t\t\t\/>\r\n\t\t\t\t\t\t\t\t<\/div>\r\n\r\n\t\t\t\t\t\t<\/div>\n\t\t\t\t<\/div>\n\t\t<div className=\"elementor-element elementor-element-bbc8572 e-con-full e-flex e-con e-child\" data-id=\"bbc8572\" data-element_type=\"container\" data-e-type=\"container\">\n\t\t\t\t<div className=\"elementor-element elementor-element-4090b18 mf-btn--center elementor-widget elementor-widget-mf-button\" data-id=\"4090b18\" data-element_type=\"widget\" data-e-type=\"widget\" data-widget_type=\"mf-button.default\">\n\t\t\t\t\t\t\t<div className=\"mf-btn-wraper \" data-mf-form-conditional-logic-requirement=\"\">\r\n\t\t\t\t\t\t\t<button type=\"submit\" className=\"metform-btn metform-submit-btn \" id=\"\">\r\n\t\t\t\t\t<span>${ parent.decodeEntities(`Po\u0161alji`) } <\/span>\r\n\t\t\t\t\t<svg xmlns=\"http:\/\/www.w3.org\/2000\/svg\" width=\"11\" height=\"11\" viewBox=\"0 0 11 11\" fill=\"none\"><path fill-rule=\"evenodd\" clip-rule=\"evenodd\" d=\"M0.270753 10.7283C-0.090251 10.3673 -0.0902511 9.78196 0.270753 9.42096L7.84387 1.84784L2.23172 1.84784C1.72118 1.84784 1.30731 1.43397 1.30731 0.923434C1.30731 0.412897 1.72118 -0.000976562 2.23172 -0.000975939L10.0756 -0.000976562C10.5861 -0.000976562 11 0.412897 11 0.923433V8.7673C11 9.27784 10.5861 9.69171 10.0756 9.69171C9.56505 9.69171 9.15118 9.27784 9.15118 8.7673V3.15515L1.57806 10.7283C1.21706 11.0893 0.631757 11.0893 0.270753 10.7283Z\" fill=\"white\"><\/path><\/svg>\t\t\t\t<\/button>\r\n\t\t\t        <\/div>\r\n        \t\t\t\t<\/div>\n\t\t\t\t<\/div>\n\t\t\t\t\t<\/div>\n\t\t\t\t<\/div>\n\t\t\t\t<\/div>\n\t\t\t\t\t\t\t`}\r\n\t\t\t\t\t<\/div>\r\n\r\n\t\t\t\t\t${is_dummy_markup ? message_position === 'bottom' ? props.ResponseDummyMarkup(message_successIcon, message_proClass) : '' : ''}\r\n\t\t\t\t\t${is_dummy_markup ? ' ' : message_position === 'bottom' ? props.SubmitResponseMarkup`${parent}${state}${message_successIcon}${message_errorIcon}${message_proClass}` : ''}\r\n\t\t\t\t\r\n\t\t\t\t<\/form>\r\n\t\t\t`\r\n\t\t<\/script>\r\n\r\n\t\t<\/div><\/div>\n\t\t\t\t\t\t<\/div>\n\t\t\t\t<\/div>\n\t\t\t\t\t<\/div>\n\t\t\t\t<\/div>\n\t\t\t\t<\/div>\n\t\t\n    <div class=\"xs_social_share_widget xs_share_url after_content \t\tmain_content  wslu-style-1 wslu-share-box-shaped wslu-fill-colored wslu-none wslu-share-horizontal wslu-theme-font-no wslu-main_content\">\n\n\t\t\n        <ul>\n\t\t\t        <\/ul>\n    <\/div> \n","protected":false},"excerpt":{"rendered":"<p>Zatra\u017ei ponudu Vodimo ra\u010duna o zdravlju i sigurnosti va\u0161ih djelatnika. Obratite nam se s povjerenjem! Ispunite formular i javit \u010demo Vam se u najkra\u0107em mogu\u010dem roku. Javite nam se Detalji ponude<\/p>\n","protected":false},"author":1,"featured_media":0,"parent":0,"menu_order":0,"comment_status":"closed","ping_status":"closed","template":"elementor_header_footer","meta":{"postBodyCss":"","postBodyMargin":[],"postBodyPadding":[],"postBodyBackground":{"backgroundType":"classic","gradient":""},"footnotes":""},"class_list":["post-4185","page","type-page","status-publish","hentry"],"_links":{"self":[{"href":"https:\/\/aiz.hr\/2026\/wp-json\/wp\/v2\/pages\/4185","targetHints":{"allow":["GET"]}}],"collection":[{"href":"https:\/\/aiz.hr\/2026\/wp-json\/wp\/v2\/pages"}],"about":[{"href":"https:\/\/aiz.hr\/2026\/wp-json\/wp\/v2\/types\/page"}],"author":[{"embeddable":true,"href":"https:\/\/aiz.hr\/2026\/wp-json\/wp\/v2\/users\/1"}],"replies":[{"embeddable":true,"href":"https:\/\/aiz.hr\/2026\/wp-json\/wp\/v2\/comments?post=4185"}],"version-history":[{"count":19,"href":"https:\/\/aiz.hr\/2026\/wp-json\/wp\/v2\/pages\/4185\/revisions"}],"predecessor-version":[{"id":4519,"href":"https:\/\/aiz.hr\/2026\/wp-json\/wp\/v2\/pages\/4185\/revisions\/4519"}],"wp:attachment":[{"href":"https:\/\/aiz.hr\/2026\/wp-json\/wp\/v2\/media?parent=4185"}],"curies":[{"name":"wp","href":"https:\/\/api.w.org\/{rel}","templated":true}]}}